{"id":62402,"date":"2025-11-28T10:02:59","date_gmt":"2025-11-28T09:02:59","guid":{"rendered":"https:\/\/www.maisonschwind.lu\/product\/etiquettes-tissees-loulou-40-02-lf-loulou\/"},"modified":"2025-12-06T12:08:14","modified_gmt":"2025-12-06T11:08:14","slug":"etiquettes-tissees-loulou-40-02-lf-loulou","status":"publish","type":"product","link":"https:\/\/www.maisonschwind.lu\/fr\/produit\/etiquettes-tissees-loulou-40-02-lf-loulou\/","title":{"rendered":"Etiquettes tiss\u00e9es &#8211; Loulou 40.02-LF-Loulou"},"content":{"rendered":"\t\t<div data-elementor-type=\"wp-post\" data-elementor-id=\"62402\" class=\"elementor elementor-62402 elementor-61864\">\n\t\t\t\t\t\t\t\t\t<section class=\"elementor-section elementor-top-section elementor-element elementor-element-10749cc8 elementor-section-boxed elementor-section-height-default elementor-section-height-default\" data-id=\"10749cc8\" data-element_type=\"section\">\n\t\t\t\t\t\t<div class=\"elementor-container elementor-column-gap-default\">\n\t\t\t\t\t<div class=\"elementor-column elementor-col-100 elementor-top-column elementor-element elementor-element-3391f45a\" data-id=\"3391f45a\" data-element_type=\"column\">\n\t\t\t<div class=\"elementor-widget-wrap elementor-element-populated\">\n\t\t\t\t\t\t\t\t<div class=\"elementor-element elementor-element-241e0352 elementor-widget elementor-widget-text-editor\" data-id=\"241e0352\" data-element_type=\"widget\" data-widget_type=\"text-editor.default\">\n\t\t\t\t<div class=\"elementor-widget-container\">\n\t\t\t<style>\/*! elementor - v3.6.7 - 03-07-2022 *\/\n.elementor-widget-text-editor.elementor-drop-cap-view-stacked .elementor-drop-cap{background-color:#818a91;color:#fff}.elementor-widget-text-editor.elementor-drop-cap-view-framed .elementor-drop-cap{color:#818a91;border:3px solid;background-color:transparent}.elementor-widget-text-editor:not(.elementor-drop-cap-view-default) .elementor-drop-cap{margin-top:8px}.elementor-widget-text-editor:not(.elementor-drop-cap-view-default) .elementor-drop-cap-letter{width:1em;height:1em}.elementor-widget-text-editor .elementor-drop-cap{float:left;text-align:center;line-height:1;font-size:50px}.elementor-widget-text-editor .elementor-drop-cap-letter{display:inline-block}<\/style>\t\t\t\t<p>Les \u00e9tiquettes tiss\u00e9es vous permettent d&#8217;apporter une touche finale parfaite pour terminer vos cr\u00e9ations, cacher une tache ou un trou, ou encore d\u00e9terminer le devant et le dos d\u2019un v\u00eatement ! De tr\u00e8s belle qualit\u00e9, ces \u00e9tiquettes deviendront vite un indispensable de votre n\u00e9cessaire de couture.<\/p><p>Toutes les \u00e9tiquettes sont\u00a0pr\u00e9-pli\u00e9es\u00a0sur les deux extr\u00e9mit\u00e9s afin de faciliter la couture et garantir une finition propre.<\/p><p>Elles ne s\u2019effilochent pas.<\/p><p>\u00c9tiquette de\u00a0grande qualit\u00e9\u00a0avec\u00a0un fond bien opaque. Les couleurs des \u00e9critures ou du dessin ne se voient en transparence.<\/p><p><strong>Taille :<\/strong> 4,7 x\u00a02,1 cm (bords repli\u00e9s exclus)\u00a0<\/p>\t\t\t\t\t\t<\/div>\n\t\t\t\t<\/div>\n\t\t\t\t\t<\/div>\n\t\t<\/div>\n\t\t\t\t\t\t\t<\/div>\n\t\t<\/section>\n\t\t\t\t\t\t\t<\/div>\n\t\t","protected":false},"excerpt":{"rendered":"<p>Lot de 5 \u00e9tiquettes.<\/p>\n<p>Ikatee vous propose une collection d\u2019\u00e9tiquettes tiss\u00e9es uniques et exclusives.<\/p>\n<p><strong>Composition :<\/strong>\u00a0100 % polyester, certifi\u00e9 OEKO-TEX\u00ae Standard 100<\/p>\n","protected":false},"featured_media":61866,"comment_status":"closed","ping_status":"closed","template":"","meta":[],"product_cat":[1426],"product_tag":[],"aioseo_notices":[],"_links":{"self":[{"href":"https:\/\/www.maisonschwind.lu\/fr\/wp-json\/wp\/v2\/product\/62402"}],"collection":[{"href":"https:\/\/www.maisonschwind.lu\/fr\/wp-json\/wp\/v2\/product"}],"about":[{"href":"https:\/\/www.maisonschwind.lu\/fr\/wp-json\/wp\/v2\/types\/product"}],"replies":[{"embeddable":true,"href":"https:\/\/www.maisonschwind.lu\/fr\/wp-json\/wp\/v2\/comments?post=62402"}],"version-history":[{"count":2,"href":"https:\/\/www.maisonschwind.lu\/fr\/wp-json\/wp\/v2\/product\/62402\/revisions"}],"predecessor-version":[{"id":62408,"href":"https:\/\/www.maisonschwind.lu\/fr\/wp-json\/wp\/v2\/product\/62402\/revisions\/62408"}],"wp:featuredmedia":[{"embeddable":true,"href":"https:\/\/www.maisonschwind.lu\/fr\/wp-json\/wp\/v2\/media\/61866"}],"wp:attachment":[{"href":"https:\/\/www.maisonschwind.lu\/fr\/wp-json\/wp\/v2\/media?parent=62402"}],"wp:term":[{"taxonomy":"product_cat","embeddable":true,"href":"https:\/\/www.maisonschwind.lu\/fr\/wp-json\/wp\/v2\/product_cat?post=62402"},{"taxonomy":"product_tag","embeddable":true,"href":"https:\/\/www.maisonschwind.lu\/fr\/wp-json\/wp\/v2\/product_tag?post=62402"}],"curies":[{"name":"wp","href":"https:\/\/api.w.org\/{rel}","templated":true}]}}