{"id":62466,"date":"2025-11-28T13:45:34","date_gmt":"2025-11-28T12:45:34","guid":{"rendered":"https:\/\/www.maisonschwind.lu\/product\/insert-pour-cadre-de-broderie-a-chaussettes-bernina-1092677\/"},"modified":"2025-12-06T13:11:48","modified_gmt":"2025-12-06T12:11:48","slug":"insert-pour-cadre-de-broderie-a-chaussettes-bernina-1092677","status":"publish","type":"product","link":"https:\/\/www.maisonschwind.lu\/fr\/produit\/insert-pour-cadre-de-broderie-a-chaussettes-bernina-1092677\/","title":{"rendered":"Insert pour cadre de broderie \u00e0 chaussettes Bernina 1092677"},"content":{"rendered":"\t\t<div data-elementor-type=\"wp-post\" data-elementor-id=\"62466\" class=\"elementor elementor-62466 elementor-61930\">\n\t\t\t\t\t\t\t\t\t<section class=\"elementor-section elementor-top-section elementor-element elementor-element-10749cc8 elementor-section-boxed elementor-section-height-default elementor-section-height-default\" data-id=\"10749cc8\" data-element_type=\"section\">\n\t\t\t\t\t\t<div class=\"elementor-container elementor-column-gap-default\">\n\t\t\t\t\t<div class=\"elementor-column elementor-col-100 elementor-top-column elementor-element elementor-element-3391f45a\" data-id=\"3391f45a\" data-element_type=\"column\">\n\t\t\t<div class=\"elementor-widget-wrap elementor-element-populated\">\n\t\t\t\t\t\t\t\t<div class=\"elementor-element elementor-element-241e0352 elementor-widget elementor-widget-text-editor\" data-id=\"241e0352\" data-element_type=\"widget\" data-widget_type=\"text-editor.default\">\n\t\t\t\t<div class=\"elementor-widget-container\">\n\t\t\t<style>\/*! elementor - v3.6.7 - 03-07-2022 *\/\n.elementor-widget-text-editor.elementor-drop-cap-view-stacked .elementor-drop-cap{background-color:#818a91;color:#fff}.elementor-widget-text-editor.elementor-drop-cap-view-framed .elementor-drop-cap{color:#818a91;border:3px solid;background-color:transparent}.elementor-widget-text-editor:not(.elementor-drop-cap-view-default) .elementor-drop-cap{margin-top:8px}.elementor-widget-text-editor:not(.elementor-drop-cap-view-default) .elementor-drop-cap-letter{width:1em;height:1em}.elementor-widget-text-editor .elementor-drop-cap{float:left;text-align:center;line-height:1;font-size:50px}.elementor-widget-text-editor .elementor-drop-cap-letter{display:inline-block}<\/style>\t\t\t\t<h5><span style=\"text-decoration: underline\"><strong>Surface de broderie<\/strong><\/span><\/h5><p><strong>Insert mini pour cadre de broderie \u00e0 chaussettes :<\/strong>\u00a03,4\u00a0\u00d7\u00a04,2\u00a0cm (1.3 x 1.6&#8243;)<br \/><strong>Insert standard pour cadre de broderie \u00e0 chaussettes :<\/strong> 4,6\u00a0\u00d7\u00a06,0\u00a0cm (1.8 x 2.3&#8243;)\u00a0<\/p>\t\t\t\t\t\t<\/div>\n\t\t\t\t<\/div>\n\t\t\t\t\t<\/div>\n\t\t<\/div>\n\t\t\t\t\t\t\t<\/div>\n\t\t<\/section>\n\t\t\t\t\t\t\t<\/div>\n\t\t","protected":false},"excerpt":{"rendered":"<p><strong>Des chaussettes personnalis\u00e9es d&#8217;une mani\u00e8re simple et unique. <\/strong>Ces cadres de broderie ont \u00e9t\u00e9 sp\u00e9cialement con\u00e7us pour la broderie de chaussettes. Selon la taille des chaussettes, l&#8217;insert mini ou standard peut \u00eatre utilis\u00e9.<\/p>\n<div class=\"product-desc\">\n<ul>\n<li class=\"berninaicon-arrow-rt\">Pour broder des chaussettes<\/li>\n<li class=\"berninaicon-arrow-rt\">Inserts en deux tailles diff\u00e9rentes<\/li>\n<li class=\"berninaicon-arrow-rt\">En combinaison avec le<br \/>\nCadre de broderie moyen<\/li>\n<\/ul>\n<p><strong>Compatible avec :<\/strong><\/p>\n<ul>\n<li><span class=\"r-event-fair-text\"><a class=\"nobr\" href=\"https:\/\/www.bernina.com\/fr-FR\/Machines-FR\/Apercu-des-Series\/BERNINA-Serie-9\/BERNINA-990\">B 990<\/a>,\u00a0<a class=\"nobr-desktop\" href=\"https:\/\/www.bernina.com\/fr-FR\/Machines-FR\/Apercu-des-Series\/BERNINA-Serie-8\/BERNINA-880-PLUS-Crystal-Edition\">B 880 PLUS Crystal Edition<\/a>,\u00a0<a class=\"nobr\" href=\"https:\/\/www.bernina.com\/fr-FR\/Machines-FR\/Apercu-des-Series\/BERNINA-Serie-8\/BERNINA-880-PLUS-Anniversary-Edition\">B 880 PLUS AE<\/a>,\u00a0<a class=\"nobr\" href=\"https:\/\/www.bernina.com\/fr-FR\/Machines-FR\/Apercu-des-Series\/BERNINA-Serie-8\/BERNINA-880-PLUS\">B 880 PLUS<\/a>,\u00a0<a class=\"nobr\" href=\"https:\/\/www.bernina.com\/fr-FR\/Machines-FR\/Apercu-des-Series\/BERNINA-Serie-8\/BERNINA-880\">B 880<\/a>,\u00a0<a class=\"nobr\" href=\"https:\/\/www.bernina.com\/fr-FR\/Machines-FR\/Apercu-des-Series\/BERNINA-Serie-7\/BERNINA%C2%A0790%C2%A0PRO\">B\u00a0790\u00a0PRO<\/a>,\u00a0<a class=\"nobr-desktop\" href=\"https:\/\/www.bernina.com\/fr-FR\/Machines-FR\/Apercu-des-Series\/BERNINA-Serie-7\/BERNINA-790-PLUS-Crystal-Edition\">B 790 PLUS Crystal Edition<\/a>,\u00a0<a class=\"nobr\" href=\"https:\/\/www.bernina.com\/fr-FR\/Machines-FR\/Apercu-des-Series\/BERNINA-Serie-7\/BERNINA-790-PLUS-SE\">B 790 PLUS SE<\/a>,\u00a0<a class=\"nobr-desktop\" href=\"https:\/\/www.bernina.com\/fr-FR\/Machines-FR\/Apercu-des-Series\/BERNINA-Serie-7\/BERNINA-790-PLUS-Anniversary-Edition\">B 790 PLUS Anniversary Edition<\/a>,\u00a0<a class=\"nobr\" href=\"https:\/\/www.bernina.com\/fr-FR\/Machines-FR\/Apercu-des-Series\/BERNINA-Serie-7\/BERNINA-790-PLUS\">B 790 PLUS<\/a>,\u00a0<a class=\"nobr\" href=\"https:\/\/www.bernina.com\/fr-FR\/Machines-FR\/Apercu-des-Series\/BERNINA-Serie-7\/BERNINA-790\">B 790<\/a>,\u00a0<a class=\"nobr\" href=\"https:\/\/www.bernina.com\/fr-FR\/Machines-FR\/Apercu-des-Series\/BERNINA-Serie-7\/BERNINA-770-QE-PRO\">B 770 QE PRO<\/a>,\u00a0<a class=\"nobr-desktop\" href=\"https:\/\/www.bernina.com\/fr-FR\/Machines-FR\/Apercu-des-Series\/BERNINA-Serie-7\/BERNINA-770-QE-PLUS-Kaffe-Edition\">B 770 QE PLUS Kaffe Edition<\/a>,\u00a0<a class=\"nobr\" href=\"https:\/\/www.bernina.com\/fr-FR\/Machines-FR\/Apercu-des-Series\/BERNINA-Serie-7\/BERNINA-770-QE-PLUS\">B 770 QE PLUS<\/a>,\u00a0<a class=\"nobr\" href=\"https:\/\/www.bernina.com\/fr-FR\/Machines-FR\/Apercu-des-Series\/BERNINA-Serie-7\/BERNINA-770-QE-Anniversary-Edition\">B 770 QE AE<\/a>,\u00a0<a class=\"nobr\" href=\"https:\/\/www.bernina.com\/fr-FR\/Machines-FR\/Apercu-des-Series\/BERNINA-Serie-7\/BERNINA-770-QE\">B 770 QE<\/a>,\u00a0<a class=\"nobr\" href=\"https:\/\/www.bernina.com\/fr-FR\/Machines-FR\/Apercu-des-Series\/BERNINA-Serie-7\/BERNINA-735-PRO\">B 735 PRO<\/a>,\u00a0<a class=\"nobr\" href=\"https:\/\/www.bernina.com\/fr-FR\/Machines-FR\/Apercu-des-Series\/BERNINA-Serie-7\/BERNINA-735\">B 735<\/a>,\u00a0<a class=\"nobr\" href=\"https:\/\/www.bernina.com\/fr-FR\/Machines-FR\/Apercu-des-Series\/BERNINA-Serie-7\/BERNINA-720\">B 720<\/a>,\u00a0<a class=\"nobr\" href=\"https:\/\/www.bernina.com\/fr-FR\/Machines-FR\/Apercu-des-Series\/BERNINA-Serie-7\/BERNINA-fr\">B 700<\/a>,\u00a0<a class=\"nobr\" href=\"https:\/\/www.bernina.com\/fr-FR\/Machines-FR\/Apercu-des-Series\/BERNINA-Serie-7\/BERNINA-700\">B 700<\/a>,\u00a0<a class=\"nobr-desktop\" href=\"https:\/\/www.bernina.com\/fr-FR\/Machines-FR\/Apercu-des-Series\/La-nouvelle-BERNINA-serie-5\/BERNINA-590-Crystal-Edition\">B 590 Crystal Edition<\/a>,\u00a0<a class=\"nobr\" href=\"https:\/\/www.bernina.com\/fr-FR\/Machines-FR\/Apercu-des-Series\/La-nouvelle-BERNINA-serie-5\/BERNINA-590\">B 590<\/a>,\u00a0<a class=\"nobr-desktop\" href=\"https:\/\/www.bernina.com\/fr-FR\/Machines-FR\/Apercu-des-Series\/La-nouvelle-BERNINA-serie-5\/BERNINA-570-QE-Kaffe-Edition\">B 570 QE Kaffe Edition<\/a>,\u00a0<a class=\"nobr-desktop\" href=\"https:\/\/www.bernina.com\/fr-FR\/Machines-FR\/Apercu-des-Series\/La-nouvelle-BERNINA-serie-5\/BERNINA-570-QE-SE-Tula-Pink\">B 570 QE SE Tula Pink<\/a>,\u00a0<a class=\"nobr\" href=\"https:\/\/www.bernina.com\/fr-FR\/Machines-FR\/Apercu-des-Series\/La-nouvelle-BERNINA-serie-5\/BERNINA-570-QE\">B 570 QE<\/a>,\u00a0<a class=\"nobr\" href=\"https:\/\/www.bernina.com\/fr-FR\/Machines-FR\/Apercu-des-Series\/La-nouvelle-BERNINA-serie-5\/BERNINA-540\">B 540<\/a>,\u00a0<a class=\"nobr\" href=\"https:\/\/www.bernina.com\/fr-FR\/Machines-FR\/Apercu-des-Series\/La-nouvelle-BERNINA-serie-5\/BERNINA-500\">B 500<\/a><\/span><\/li>\n<\/ul>\n<p>&nbsp;<\/p>\n<\/div>\n","protected":false},"featured_media":61932,"comment_status":"closed","ping_status":"closed","template":"","meta":[],"product_cat":[1530],"product_tag":[],"aioseo_notices":[],"_links":{"self":[{"href":"https:\/\/www.maisonschwind.lu\/fr\/wp-json\/wp\/v2\/product\/62466"}],"collection":[{"href":"https:\/\/www.maisonschwind.lu\/fr\/wp-json\/wp\/v2\/product"}],"about":[{"href":"https:\/\/www.maisonschwind.lu\/fr\/wp-json\/wp\/v2\/types\/product"}],"replies":[{"embeddable":true,"href":"https:\/\/www.maisonschwind.lu\/fr\/wp-json\/wp\/v2\/comments?post=62466"}],"version-history":[{"count":2,"href":"https:\/\/www.maisonschwind.lu\/fr\/wp-json\/wp\/v2\/product\/62466\/revisions"}],"predecessor-version":[{"id":62473,"href":"https:\/\/www.maisonschwind.lu\/fr\/wp-json\/wp\/v2\/product\/62466\/revisions\/62473"}],"wp:featuredmedia":[{"embeddable":true,"href":"https:\/\/www.maisonschwind.lu\/fr\/wp-json\/wp\/v2\/media\/61932"}],"wp:attachment":[{"href":"https:\/\/www.maisonschwind.lu\/fr\/wp-json\/wp\/v2\/media?parent=62466"}],"wp:term":[{"taxonomy":"product_cat","embeddable":true,"href":"https:\/\/www.maisonschwind.lu\/fr\/wp-json\/wp\/v2\/product_cat?post=62466"},{"taxonomy":"product_tag","embeddable":true,"href":"https:\/\/www.maisonschwind.lu\/fr\/wp-json\/wp\/v2\/product_tag?post=62466"}],"curies":[{"name":"wp","href":"https:\/\/api.w.org\/{rel}","templated":true}]}}