{"id":62485,"date":"2025-11-28T15:49:29","date_gmt":"2025-11-28T14:49:29","guid":{"rendered":"https:\/\/www.maisonschwind.lu\/product\/bac-recuperateur-babylock-f1-70k01\/"},"modified":"2025-12-06T13:32:41","modified_gmt":"2025-12-06T12:32:41","slug":"bac-recuperateur-babylock-f1-70k01","status":"publish","type":"product","link":"https:\/\/www.maisonschwind.lu\/fr\/produit\/bac-recuperateur-babylock-f1-70k01\/","title":{"rendered":"Bac r\u00e9cup\u00e9rateur Babylock F1-70K01"},"content":{"rendered":"\t\t<div data-elementor-type=\"wp-post\" data-elementor-id=\"62485\" class=\"elementor elementor-62485 elementor-61966\">\n\t\t\t\t\t\t\t\t\t<section class=\"elementor-section elementor-top-section elementor-element elementor-element-10749cc8 elementor-section-boxed elementor-section-height-default elementor-section-height-default\" data-id=\"10749cc8\" data-element_type=\"section\">\n\t\t\t\t\t\t<div class=\"elementor-container elementor-column-gap-default\">\n\t\t\t\t\t<div class=\"elementor-column elementor-col-100 elementor-top-column elementor-element elementor-element-3391f45a\" data-id=\"3391f45a\" data-element_type=\"column\">\n\t\t\t<div class=\"elementor-widget-wrap elementor-element-populated\">\n\t\t\t\t\t\t\t\t<div class=\"elementor-element elementor-element-241e0352 elementor-widget elementor-widget-text-editor\" data-id=\"241e0352\" data-element_type=\"widget\" data-widget_type=\"text-editor.default\">\n\t\t\t\t<div class=\"elementor-widget-container\">\n\t\t\t<style>\/*! elementor - v3.6.7 - 03-07-2022 *\/\n.elementor-widget-text-editor.elementor-drop-cap-view-stacked .elementor-drop-cap{background-color:#818a91;color:#fff}.elementor-widget-text-editor.elementor-drop-cap-view-framed .elementor-drop-cap{color:#818a91;border:3px solid;background-color:transparent}.elementor-widget-text-editor:not(.elementor-drop-cap-view-default) .elementor-drop-cap{margin-top:8px}.elementor-widget-text-editor:not(.elementor-drop-cap-view-default) .elementor-drop-cap-letter{width:1em;height:1em}.elementor-widget-text-editor .elementor-drop-cap{float:left;text-align:center;line-height:1;font-size:50px}.elementor-widget-text-editor .elementor-drop-cap-letter{display:inline-block}<\/style>\t\t\t\t<p>Le bac r\u00e9cup\u00e9rateur baby lock est d\u00e9sormais disponible pour d\u2019autres machines baby lock. D\u00e9couvrez un nouveau niveau de confort avec\u00a0<b>baby lock<\/b>\u00a0et son\u00a0<b>bac r\u00e9cup\u00e9rateur r\u00e9volutionnaire<\/b>\u00a0! baby Lock a d\u00e9velopp\u00e9 ici la\u00a0<b>derni\u00e8re g\u00e9n\u00e9ration<\/b>\u00a0de bacs r\u00e9cup\u00e9rateurs, dans lesquels le\u00a0<b>plateau collecteur d\u2019aiguilles est int\u00e9gr\u00e9 de mani\u00e8re intelligente et directe<\/b>. Mais ce n\u2019est pas tout : le bac se connecte de mani\u00e8re transparente \u00e0 la machine, offrant ainsi un avantage inestimable. Vous pouvez\u00a0<b>simplement laisser le bac collecteur sur la machine<\/b>, m\u00eame lorsque les boucleurs sont enfil\u00e9s ! M\u00eame toutes les molettes de r\u00e9glage restent\u00a0<b>parfaitement accessibles<\/b> \u00e0 tout moment. Le flux de travail de couture est ainsi plus simple et plus efficace que jamais.\u00a0<\/p>\t\t\t\t\t\t<\/div>\n\t\t\t\t<\/div>\n\t\t\t\t\t<\/div>\n\t\t<\/div>\n\t\t\t\t\t\t\t<\/div>\n\t\t<\/section>\n\t\t\t\t\t\t\t<\/div>\n\t\t","protected":false},"excerpt":{"rendered":"<p>Machines compatibles :<\/p>\n<p>Aspire, Gloria, Ovation, Acclaim<\/p>\n<ul>\n<li>Plateau collecteur d\u2019aiguilles magn\u00e9tique int\u00e9gr\u00e9<\/li>\n<li>Pas besoin de le retirer lors du changement ou du r\u00e9enfilage<\/li>\n<li>\u00c9l\u00e9ment de commande parfaitement accessible \u00e0 tout moment<\/li>\n<\/ul>\n<p>&nbsp;<\/p>\n","protected":false},"featured_media":61970,"comment_status":"closed","ping_status":"closed","template":"","meta":[],"product_cat":[1516,1397],"product_tag":[],"aioseo_notices":[],"_links":{"self":[{"href":"https:\/\/www.maisonschwind.lu\/fr\/wp-json\/wp\/v2\/product\/62485"}],"collection":[{"href":"https:\/\/www.maisonschwind.lu\/fr\/wp-json\/wp\/v2\/product"}],"about":[{"href":"https:\/\/www.maisonschwind.lu\/fr\/wp-json\/wp\/v2\/types\/product"}],"replies":[{"embeddable":true,"href":"https:\/\/www.maisonschwind.lu\/fr\/wp-json\/wp\/v2\/comments?post=62485"}],"version-history":[{"count":2,"href":"https:\/\/www.maisonschwind.lu\/fr\/wp-json\/wp\/v2\/product\/62485\/revisions"}],"predecessor-version":[{"id":62492,"href":"https:\/\/www.maisonschwind.lu\/fr\/wp-json\/wp\/v2\/product\/62485\/revisions\/62492"}],"wp:featuredmedia":[{"embeddable":true,"href":"https:\/\/www.maisonschwind.lu\/fr\/wp-json\/wp\/v2\/media\/61970"}],"wp:attachment":[{"href":"https:\/\/www.maisonschwind.lu\/fr\/wp-json\/wp\/v2\/media?parent=62485"}],"wp:term":[{"taxonomy":"product_cat","embeddable":true,"href":"https:\/\/www.maisonschwind.lu\/fr\/wp-json\/wp\/v2\/product_cat?post=62485"},{"taxonomy":"product_tag","embeddable":true,"href":"https:\/\/www.maisonschwind.lu\/fr\/wp-json\/wp\/v2\/product_tag?post=62485"}],"curies":[{"name":"wp","href":"https:\/\/api.w.org\/{rel}","templated":true}]}}