{"id":62499,"date":"2025-11-28T16:15:41","date_gmt":"2025-11-28T15:15:41","guid":{"rendered":"https:\/\/www.maisonschwind.lu\/product\/bac-recuperateur-trim-bin-900n-babylock\/"},"modified":"2025-12-06T14:37:37","modified_gmt":"2025-12-06T13:37:37","slug":"bac-recuperateur-trim-bin-900n-babylock","status":"publish","type":"product","link":"https:\/\/www.maisonschwind.lu\/fr\/produit\/bac-recuperateur-trim-bin-900n-babylock\/","title":{"rendered":"Bac r\u00e9cup\u00e9rateur \/ trim bin 900N Babylock"},"content":{"rendered":"\t\t<div data-elementor-type=\"wp-post\" data-elementor-id=\"62499\" class=\"elementor elementor-62499 elementor-61977\">\n\t\t\t\t\t\t\t\t\t<section class=\"elementor-section elementor-top-section elementor-element elementor-element-10749cc8 elementor-section-boxed elementor-section-height-default elementor-section-height-default\" data-id=\"10749cc8\" data-element_type=\"section\">\n\t\t\t\t\t\t<div class=\"elementor-container elementor-column-gap-default\">\n\t\t\t\t\t<div class=\"elementor-column elementor-col-100 elementor-top-column elementor-element elementor-element-3391f45a\" data-id=\"3391f45a\" data-element_type=\"column\">\n\t\t\t<div class=\"elementor-widget-wrap elementor-element-populated\">\n\t\t\t\t\t\t\t\t<div class=\"elementor-element elementor-element-241e0352 elementor-widget elementor-widget-text-editor\" data-id=\"241e0352\" data-element_type=\"widget\" data-widget_type=\"text-editor.default\">\n\t\t\t\t<div class=\"elementor-widget-container\">\n\t\t\t<style>\/*! elementor - v3.6.7 - 03-07-2022 *\/\n.elementor-widget-text-editor.elementor-drop-cap-view-stacked .elementor-drop-cap{background-color:#818a91;color:#fff}.elementor-widget-text-editor.elementor-drop-cap-view-framed .elementor-drop-cap{color:#818a91;border:3px solid;background-color:transparent}.elementor-widget-text-editor:not(.elementor-drop-cap-view-default) .elementor-drop-cap{margin-top:8px}.elementor-widget-text-editor:not(.elementor-drop-cap-view-default) .elementor-drop-cap-letter{width:1em;height:1em}.elementor-widget-text-editor .elementor-drop-cap{float:left;text-align:center;line-height:1;font-size:50px}.elementor-widget-text-editor .elementor-drop-cap-letter{display:inline-block}<\/style>\t\t\t\t<p>Pour que l\u2019emplacement de la machine reste propre lors de la couture surjeteuse, un bac de r\u00e9cup\u00e9ration est indispensable. C\u2019est l\u00e0 qu\u2019intervient le bac \u00e0 d\u00e9chets baby lock. Il suffit de poser la machine sur le bac de r\u00e9cup\u00e9ration et toutes les pi\u00e8ces tombent directement dans le petit sac. L\u2019avantage de cette m\u00e9thode, contrairement aux bacs de r\u00e9cup\u00e9ration pinc\u00e9s : on a acc\u00e8s \u00e0 tout moment \u00e0 toutes les molettes, on peut ouvrir tous les rabats et poursuivre ses travaux de couture sans devoir les changer ou les d\u00e9monter.<\/p><p>Le sac poubelle est l\u00e9ger, facile \u00e0 retirer et peut \u00eatre remplac\u00e9 \u00e0 tout moment. Il est \u00e9galement possible de le personnaliser, car on peut coudre soi-m\u00eame un sac adapt\u00e9. Les instructions de couture se trouvent dans nos projets de campus.\u00a0<\/p>\t\t\t\t\t\t<\/div>\n\t\t\t\t<\/div>\n\t\t\t\t\t<\/div>\n\t\t<\/div>\n\t\t\t\t\t\t\t<\/div>\n\t\t<\/section>\n\t\t\t\t\t\t\t<\/div>\n\t\t","protected":false},"excerpt":{"rendered":"<p>Machines compatibles :<\/p>\n<p>Aspire, Desire3, Gloria, Ovation, Acclaim, Enlighten, Enspire, Victory<\/p>\n<ul>\n<li>bac de r\u00e9cup\u00e9ration pour les restes de tissu et de fil<\/li>\n<li>r\u00e9utilisable<\/li>\n<\/ul>\n<p>&nbsp;<\/p>\n","protected":false},"featured_media":61981,"comment_status":"closed","ping_status":"closed","template":"","meta":[],"product_cat":[1516,1397],"product_tag":[],"aioseo_notices":[],"_links":{"self":[{"href":"https:\/\/www.maisonschwind.lu\/fr\/wp-json\/wp\/v2\/product\/62499"}],"collection":[{"href":"https:\/\/www.maisonschwind.lu\/fr\/wp-json\/wp\/v2\/product"}],"about":[{"href":"https:\/\/www.maisonschwind.lu\/fr\/wp-json\/wp\/v2\/types\/product"}],"replies":[{"embeddable":true,"href":"https:\/\/www.maisonschwind.lu\/fr\/wp-json\/wp\/v2\/comments?post=62499"}],"version-history":[{"count":2,"href":"https:\/\/www.maisonschwind.lu\/fr\/wp-json\/wp\/v2\/product\/62499\/revisions"}],"predecessor-version":[{"id":62506,"href":"https:\/\/www.maisonschwind.lu\/fr\/wp-json\/wp\/v2\/product\/62499\/revisions\/62506"}],"wp:featuredmedia":[{"embeddable":true,"href":"https:\/\/www.maisonschwind.lu\/fr\/wp-json\/wp\/v2\/media\/61981"}],"wp:attachment":[{"href":"https:\/\/www.maisonschwind.lu\/fr\/wp-json\/wp\/v2\/media?parent=62499"}],"wp:term":[{"taxonomy":"product_cat","embeddable":true,"href":"https:\/\/www.maisonschwind.lu\/fr\/wp-json\/wp\/v2\/product_cat?post=62499"},{"taxonomy":"product_tag","embeddable":true,"href":"https:\/\/www.maisonschwind.lu\/fr\/wp-json\/wp\/v2\/product_tag?post=62499"}],"curies":[{"name":"wp","href":"https:\/\/api.w.org\/{rel}","templated":true}]}}