{"id":62969,"date":"2025-12-19T22:13:46","date_gmt":"2025-12-19T21:13:46","guid":{"rendered":"https:\/\/www.maisonschwind.lu\/product\/kit-crafting-home-decor-janome-9mm-863403006\/"},"modified":"2025-12-19T22:26:05","modified_gmt":"2025-12-19T21:26:05","slug":"kit-crafting-home-decor-janome-9mm-863403006","status":"publish","type":"product","link":"https:\/\/www.maisonschwind.lu\/fr\/produit\/kit-crafting-home-decor-janome-9mm-863403006\/","title":{"rendered":"Kit &#8220;Crafting &amp; Home D\u00e9cor&#8221; Janome 9mm 863403006"},"content":{"rendered":"\t\t<div data-elementor-type=\"wp-post\" data-elementor-id=\"62969\" class=\"elementor elementor-62969 elementor-62960\">\n\t\t\t\t\t\t\t\t\t<section class=\"elementor-section elementor-top-section elementor-element elementor-element-10749cc8 elementor-section-boxed elementor-section-height-default elementor-section-height-default\" data-id=\"10749cc8\" data-element_type=\"section\">\n\t\t\t\t\t\t<div class=\"elementor-container elementor-column-gap-default\">\n\t\t\t\t\t<div class=\"elementor-column elementor-col-100 elementor-top-column elementor-element elementor-element-3391f45a\" data-id=\"3391f45a\" data-element_type=\"column\">\n\t\t\t<div class=\"elementor-widget-wrap elementor-element-populated\">\n\t\t\t\t\t\t\t\t<div class=\"elementor-element elementor-element-241e0352 elementor-widget elementor-widget-text-editor\" data-id=\"241e0352\" data-element_type=\"widget\" data-widget_type=\"text-editor.default\">\n\t\t\t\t<div class=\"elementor-widget-container\">\n\t\t\t<style>\/*! elementor - v3.6.7 - 03-07-2022 *\/\n.elementor-widget-text-editor.elementor-drop-cap-view-stacked .elementor-drop-cap{background-color:#818a91;color:#fff}.elementor-widget-text-editor.elementor-drop-cap-view-framed .elementor-drop-cap{color:#818a91;border:3px solid;background-color:transparent}.elementor-widget-text-editor:not(.elementor-drop-cap-view-default) .elementor-drop-cap{margin-top:8px}.elementor-widget-text-editor:not(.elementor-drop-cap-view-default) .elementor-drop-cap-letter{width:1em;height:1em}.elementor-widget-text-editor .elementor-drop-cap{float:left;text-align:center;line-height:1;font-size:50px}.elementor-widget-text-editor .elementor-drop-cap-letter{display:inline-block}<\/style>\t\t\t\t<p><strong>Kit d\u00e9coration maison sp\u00e9cial machines \u00e0 coudre 9 mm comprenant :\u00a0<\/strong><\/p><ul><li>un pied guide bordure et couture de pr\u00e9cision<\/li><li>un pied passepoil<\/li><li>un guide circulaire<\/li><li>un set pieds piqu\u00e9-libre<\/li><li>un guide tissu, ruban &amp; paillettes<\/li><li>mode d&#8217;emploi en Fran\u00e7ais\u00a0<\/li><\/ul>\t\t\t\t\t\t<\/div>\n\t\t\t\t<\/div>\n\t\t\t\t\t<\/div>\n\t\t<\/div>\n\t\t\t\t\t\t\t<\/div>\n\t\t<\/section>\n\t\t\t\t\t\t\t<\/div>\n\t\t","protected":false},"excerpt":{"rendered":"<p>Le kit de couture et de d\u00e9coration int\u00e9rieure est parfaitement adapt\u00e9 aux projets de couture d\u00e9coratifs. Ce kit est un ensemble de d\u00e9marrage id\u00e9al avec 5 pieds-de-biche. Le guide Janome MiY \u2013 \u00ab Make it Yourself \u00bb vous montre de mani\u00e8re simple comment utiliser les accessoires, avec des conseils et des id\u00e9es.<\/p>\n","protected":false},"featured_media":62962,"comment_status":"closed","ping_status":"closed","template":"","meta":[],"product_cat":[1509,1397],"product_tag":[],"aioseo_notices":[],"_links":{"self":[{"href":"https:\/\/www.maisonschwind.lu\/fr\/wp-json\/wp\/v2\/product\/62969"}],"collection":[{"href":"https:\/\/www.maisonschwind.lu\/fr\/wp-json\/wp\/v2\/product"}],"about":[{"href":"https:\/\/www.maisonschwind.lu\/fr\/wp-json\/wp\/v2\/types\/product"}],"replies":[{"embeddable":true,"href":"https:\/\/www.maisonschwind.lu\/fr\/wp-json\/wp\/v2\/comments?post=62969"}],"version-history":[{"count":2,"href":"https:\/\/www.maisonschwind.lu\/fr\/wp-json\/wp\/v2\/product\/62969\/revisions"}],"predecessor-version":[{"id":62975,"href":"https:\/\/www.maisonschwind.lu\/fr\/wp-json\/wp\/v2\/product\/62969\/revisions\/62975"}],"wp:featuredmedia":[{"embeddable":true,"href":"https:\/\/www.maisonschwind.lu\/fr\/wp-json\/wp\/v2\/media\/62962"}],"wp:attachment":[{"href":"https:\/\/www.maisonschwind.lu\/fr\/wp-json\/wp\/v2\/media?parent=62969"}],"wp:term":[{"taxonomy":"product_cat","embeddable":true,"href":"https:\/\/www.maisonschwind.lu\/fr\/wp-json\/wp\/v2\/product_cat?post=62969"},{"taxonomy":"product_tag","embeddable":true,"href":"https:\/\/www.maisonschwind.lu\/fr\/wp-json\/wp\/v2\/product_tag?post=62969"}],"curies":[{"name":"wp","href":"https:\/\/api.w.org\/{rel}","templated":true}]}}