{"id":63022,"date":"2025-12-17T12:16:37","date_gmt":"2025-12-17T11:16:37","guid":{"rendered":"https:\/\/www.maisonschwind.lu\/product\/ciseaux-electriques-rechargeables-ensemble-complet-ec-1\/"},"modified":"2025-12-20T15:40:54","modified_gmt":"2025-12-20T14:40:54","slug":"ciseaux-electriques-rechargeables-ensemble-complet-ec-1","status":"publish","type":"product","link":"https:\/\/www.maisonschwind.lu\/fr\/produit\/ciseaux-electriques-rechargeables-ensemble-complet-ec-1\/","title":{"rendered":"Ciseaux \u00e9lectriques rechargeables &#8211; ensemble complet EC-1"},"content":{"rendered":"\t\t<div data-elementor-type=\"wp-post\" data-elementor-id=\"63022\" class=\"elementor elementor-63022 elementor-62662\">\n\t\t\t\t\t\t\t\t\t<section class=\"elementor-section elementor-top-section elementor-element elementor-element-10749cc8 elementor-section-boxed elementor-section-height-default elementor-section-height-default\" data-id=\"10749cc8\" data-element_type=\"section\">\n\t\t\t\t\t\t<div class=\"elementor-container elementor-column-gap-default\">\n\t\t\t\t\t<div class=\"elementor-column elementor-col-100 elementor-top-column elementor-element elementor-element-3391f45a\" data-id=\"3391f45a\" data-element_type=\"column\">\n\t\t\t<div class=\"elementor-widget-wrap elementor-element-populated\">\n\t\t\t\t\t\t\t\t<div class=\"elementor-element elementor-element-241e0352 elementor-widget elementor-widget-text-editor\" data-id=\"241e0352\" data-element_type=\"widget\" data-widget_type=\"text-editor.default\">\n\t\t\t\t<div class=\"elementor-widget-container\">\n\t\t\t<style>\/*! elementor - v3.6.7 - 03-07-2022 *\/\n.elementor-widget-text-editor.elementor-drop-cap-view-stacked .elementor-drop-cap{background-color:#818a91;color:#fff}.elementor-widget-text-editor.elementor-drop-cap-view-framed .elementor-drop-cap{color:#818a91;border:3px solid;background-color:transparent}.elementor-widget-text-editor:not(.elementor-drop-cap-view-default) .elementor-drop-cap{margin-top:8px}.elementor-widget-text-editor:not(.elementor-drop-cap-view-default) .elementor-drop-cap-letter{width:1em;height:1em}.elementor-widget-text-editor .elementor-drop-cap{float:left;text-align:center;line-height:1;font-size:50px}.elementor-widget-text-editor .elementor-drop-cap-letter{display:inline-block}<\/style>\t\t\t\t<p><strong>Accessoires :\u00a0<\/strong><\/p><ul id=\"idTab2\" class=\"bullet\"><li>Adaptateur pour courant alternatif\u00a0<\/li><li>Batterie rechargeable<\/li><li>Chargeur<\/li><li>Ciseaux \u00e9lectrique\u00a0<\/li><li>Cordon d&#8217;alimentation<\/li><li>Lames sp\u00e9ciales pour la coupe des patrons et des tissus\u00a0<\/li><li>Lames tout usages pour des coupes droites et rapides\u00a0<\/li><\/ul>\t\t\t\t\t\t<\/div>\n\t\t\t\t<\/div>\n\t\t\t\t\t<\/div>\n\t\t<\/div>\n\t\t\t\t\t\t\t<\/div>\n\t\t<\/section>\n\t\t\t\t\t\t\t<\/div>\n\t\t","protected":false},"excerpt":{"rendered":"<p>Les ciseaux \u00e9lectriques Easy cutter coupent rapidement patrons, tissus, cuirs et papiers. Ce nouveau mod\u00e8le l\u00e9ger et ergonomique a \u00e9t\u00e9 con\u00e7u pour r\u00e9duire la fatigue de la main comme du poignet. La batterie rechargeable est pratique et permet d&#8217;utiliser l&#8217;outil de mani\u00e8re compl\u00e8tement autonome.<\/p>\n","protected":false},"featured_media":62664,"comment_status":"closed","ping_status":"closed","template":"","meta":[],"product_cat":[1401],"product_tag":[],"aioseo_notices":[],"_links":{"self":[{"href":"https:\/\/www.maisonschwind.lu\/fr\/wp-json\/wp\/v2\/product\/63022"}],"collection":[{"href":"https:\/\/www.maisonschwind.lu\/fr\/wp-json\/wp\/v2\/product"}],"about":[{"href":"https:\/\/www.maisonschwind.lu\/fr\/wp-json\/wp\/v2\/types\/product"}],"replies":[{"embeddable":true,"href":"https:\/\/www.maisonschwind.lu\/fr\/wp-json\/wp\/v2\/comments?post=63022"}],"version-history":[{"count":5,"href":"https:\/\/www.maisonschwind.lu\/fr\/wp-json\/wp\/v2\/product\/63022\/revisions"}],"predecessor-version":[{"id":63035,"href":"https:\/\/www.maisonschwind.lu\/fr\/wp-json\/wp\/v2\/product\/63022\/revisions\/63035"}],"wp:featuredmedia":[{"embeddable":true,"href":"https:\/\/www.maisonschwind.lu\/fr\/wp-json\/wp\/v2\/media\/62664"}],"wp:attachment":[{"href":"https:\/\/www.maisonschwind.lu\/fr\/wp-json\/wp\/v2\/media?parent=63022"}],"wp:term":[{"taxonomy":"product_cat","embeddable":true,"href":"https:\/\/www.maisonschwind.lu\/fr\/wp-json\/wp\/v2\/product_cat?post=63022"},{"taxonomy":"product_tag","embeddable":true,"href":"https:\/\/www.maisonschwind.lu\/fr\/wp-json\/wp\/v2\/product_tag?post=63022"}],"curies":[{"name":"wp","href":"https:\/\/api.w.org\/{rel}","templated":true}]}}