{"id":63174,"date":"2025-12-19T09:51:08","date_gmt":"2025-12-19T08:51:08","guid":{"rendered":"https:\/\/www.maisonschwind.lu\/product\/epingles-de-surete-27mm-36-pieces\/"},"modified":"2025-12-22T16:12:51","modified_gmt":"2025-12-22T15:12:51","slug":"epingles-de-surete-27mm-36-pieces","status":"publish","type":"product","link":"https:\/\/www.maisonschwind.lu\/fr\/produit\/epingles-de-surete-27mm-36-pieces\/","title":{"rendered":"Epingles de s\u00fbret\u00e9 27mm &#8211; 36 pi\u00e8ces"},"content":{"rendered":"\t\t<div data-elementor-type=\"wp-post\" data-elementor-id=\"63174\" class=\"elementor elementor-63174 elementor-62891\">\n\t\t\t\t\t\t\t\t\t<section class=\"elementor-section elementor-top-section elementor-element elementor-element-10749cc8 elementor-section-boxed elementor-section-height-default elementor-section-height-default\" data-id=\"10749cc8\" data-element_type=\"section\">\n\t\t\t\t\t\t<div class=\"elementor-container elementor-column-gap-default\">\n\t\t\t\t\t<div class=\"elementor-column elementor-col-100 elementor-top-column elementor-element elementor-element-3391f45a\" data-id=\"3391f45a\" data-element_type=\"column\">\n\t\t\t<div class=\"elementor-widget-wrap elementor-element-populated\">\n\t\t\t\t\t\t\t\t<div class=\"elementor-element elementor-element-241e0352 elementor-widget elementor-widget-text-editor\" data-id=\"241e0352\" data-element_type=\"widget\" data-widget_type=\"text-editor.default\">\n\t\t\t\t<div class=\"elementor-widget-container\">\n\t\t\t<style>\/*! elementor - v3.6.7 - 03-07-2022 *\/\n.elementor-widget-text-editor.elementor-drop-cap-view-stacked .elementor-drop-cap{background-color:#818a91;color:#fff}.elementor-widget-text-editor.elementor-drop-cap-view-framed .elementor-drop-cap{color:#818a91;border:3px solid;background-color:transparent}.elementor-widget-text-editor:not(.elementor-drop-cap-view-default) .elementor-drop-cap{margin-top:8px}.elementor-widget-text-editor:not(.elementor-drop-cap-view-default) .elementor-drop-cap-letter{width:1em;height:1em}.elementor-widget-text-editor .elementor-drop-cap{float:left;text-align:center;line-height:1;font-size:50px}.elementor-widget-text-editor .elementor-drop-cap-letter{display:inline-block}<\/style>\t\t\t\t<p>Les \u00e9pingles de s\u00fbret\u00e9 sont indispensables pour la couture, le quilting et le patchwork. Elles peuvent maintenir le tissu ensemble pendant la couture et servent de rep\u00e8res ou d&#8217;indications temporaires pour des motifs ou des dessins sp\u00e9cifiques. Ces \u00e9pingles de s\u00fbret\u00e9 courb\u00e9es sont tr\u00e8s populaires aupr\u00e8s des quilteuses. La courbure est une caract\u00e9ristique d\u00e9terminante, leur permettant de glisser facilement \u00e0 travers plusieurs couches de tissu sans causer de dommages ou de d\u00e9formations, et elle emp\u00eache que les couches ne se d\u00e9placent ou ne s&#8217;accumulent.\u00a0<\/p>\t\t\t\t\t\t<\/div>\n\t\t\t\t<\/div>\n\t\t\t\t\t<\/div>\n\t\t<\/div>\n\t\t\t\t\t\t\t<\/div>\n\t\t<\/section>\n\t\t\t\t\t\t\t<\/div>\n\t\t","protected":false},"excerpt":{"rendered":"<p>Ces \u00e9pingles de s\u00fbret\u00e9 sont fabriqu\u00e9es en laiton. La tension \u00e9quilibr\u00e9e du ressort garantit une utilisation ais\u00e9e et une grande durabilit\u00e9. Les \u00e9pingles de s\u00fbret\u00e9 sont pr\u00e9sent\u00e9es dans une bo\u00eete de rangement en plastique pratique et contiennent 36 \u00e9pingles de 27 mm.<\/p>\n","protected":false},"featured_media":62893,"comment_status":"closed","ping_status":"closed","template":"","meta":[],"product_cat":[1399],"product_tag":[],"aioseo_notices":[],"_links":{"self":[{"href":"https:\/\/www.maisonschwind.lu\/fr\/wp-json\/wp\/v2\/product\/63174"}],"collection":[{"href":"https:\/\/www.maisonschwind.lu\/fr\/wp-json\/wp\/v2\/product"}],"about":[{"href":"https:\/\/www.maisonschwind.lu\/fr\/wp-json\/wp\/v2\/types\/product"}],"replies":[{"embeddable":true,"href":"https:\/\/www.maisonschwind.lu\/fr\/wp-json\/wp\/v2\/comments?post=63174"}],"version-history":[{"count":3,"href":"https:\/\/www.maisonschwind.lu\/fr\/wp-json\/wp\/v2\/product\/63174\/revisions"}],"predecessor-version":[{"id":63182,"href":"https:\/\/www.maisonschwind.lu\/fr\/wp-json\/wp\/v2\/product\/63174\/revisions\/63182"}],"wp:featuredmedia":[{"embeddable":true,"href":"https:\/\/www.maisonschwind.lu\/fr\/wp-json\/wp\/v2\/media\/62893"}],"wp:attachment":[{"href":"https:\/\/www.maisonschwind.lu\/fr\/wp-json\/wp\/v2\/media?parent=63174"}],"wp:term":[{"taxonomy":"product_cat","embeddable":true,"href":"https:\/\/www.maisonschwind.lu\/fr\/wp-json\/wp\/v2\/product_cat?post=63174"},{"taxonomy":"product_tag","embeddable":true,"href":"https:\/\/www.maisonschwind.lu\/fr\/wp-json\/wp\/v2\/product_tag?post=63174"}],"curies":[{"name":"wp","href":"https:\/\/api.w.org\/{rel}","templated":true}]}}