{"id":63208,"date":"2025-12-19T21:50:19","date_gmt":"2025-12-19T20:50:19","guid":{"rendered":"https:\/\/www.maisonschwind.lu\/product\/laine-chaussette-6-fils-multicolores-9012\/"},"modified":"2026-01-06T17:31:59","modified_gmt":"2026-01-06T16:31:59","slug":"laine-chaussette-6-fils-multicolores-9012","status":"publish","type":"product","link":"https:\/\/www.maisonschwind.lu\/fr\/produit\/laine-chaussette-6-fils-multicolores-9012\/","title":{"rendered":"Laine chaussette 6 fils multicolores 9012"},"content":{"rendered":"\t\t<div data-elementor-type=\"wp-post\" data-elementor-id=\"63208\" class=\"elementor elementor-63208 elementor-62925\">\n\t\t\t\t\t\t\t\t\t<section class=\"elementor-section elementor-top-section elementor-element elementor-element-10749cc8 elementor-section-boxed elementor-section-height-default elementor-section-height-default\" data-id=\"10749cc8\" data-element_type=\"section\">\n\t\t\t\t\t\t<div class=\"elementor-container elementor-column-gap-default\">\n\t\t\t\t\t<div class=\"elementor-column elementor-col-100 elementor-top-column elementor-element elementor-element-3391f45a\" data-id=\"3391f45a\" data-element_type=\"column\">\n\t\t\t<div class=\"elementor-widget-wrap elementor-element-populated\">\n\t\t\t\t\t\t\t\t<div class=\"elementor-element elementor-element-241e0352 elementor-widget elementor-widget-text-editor\" data-id=\"241e0352\" data-element_type=\"widget\" data-widget_type=\"text-editor.default\">\n\t\t\t\t<div class=\"elementor-widget-container\">\n\t\t\t<style>\/*! elementor - v3.6.7 - 03-07-2022 *\/\n.elementor-widget-text-editor.elementor-drop-cap-view-stacked .elementor-drop-cap{background-color:#818a91;color:#fff}.elementor-widget-text-editor.elementor-drop-cap-view-framed .elementor-drop-cap{color:#818a91;border:3px solid;background-color:transparent}.elementor-widget-text-editor:not(.elementor-drop-cap-view-default) .elementor-drop-cap{margin-top:8px}.elementor-widget-text-editor:not(.elementor-drop-cap-view-default) .elementor-drop-cap-letter{width:1em;height:1em}.elementor-widget-text-editor .elementor-drop-cap{float:left;text-align:center;line-height:1;font-size:50px}.elementor-widget-text-editor .elementor-drop-cap-letter{display:inline-block}<\/style>\t\t\t\t<p>Le fil Opal Regenwald \u00e9dition 20 ans, \u00e0 6 brins, est tr\u00e8s r\u00e9sistant et fabriqu\u00e9 \u00e0 partir de 75 % de laine vierge (superwash) et 25 % de polyamide, disponible dans une s\u00e9lection de tons color\u00e9s. Ce fil est particuli\u00e8rement adapt\u00e9 pour tricoter de jolis chaussettes chaudes avec des motifs de couleurs uniques, mais il est bien s\u00fbr \u00e9galement parfait pour les pulls, bonnets, gants ou \u00e9charpes. Vous pouvez tricoter une paire de chaussettes (jusqu&#8217;\u00e0 la taille EU 44) avec une seule pelote !<\/p><p>Lavable jusqu&#8217;\u00e0 40\u1d52C. Taille d&#8217;aiguilles recommand\u00e9e : 3,00-4,00 mm. Une pelote p\u00e8se 150 grammes et contient 420 m\u00e8tres de fil.<\/p>\t\t\t\t\t\t<\/div>\n\t\t\t\t<\/div>\n\t\t\t\t\t<\/div>\n\t\t<\/div>\n\t\t\t\t\t\t\t<\/div>\n\t\t<\/section>\n\t\t\t\t\t\t\t<\/div>\n\t\t","protected":false},"excerpt":{"rendered":"<p>Laine chaussette multicolore 6 fils 150gr<\/p>\n<p>Marque OPAL \u2013 made in Germany<\/p>\n<p>75% laine vierge \u2013 25% Polyamide<\/p>\n<p>Aiguille 3mm-4mm<\/p>\n","protected":false},"featured_media":62939,"comment_status":"closed","ping_status":"closed","template":"","meta":[],"product_cat":[1428,1424],"product_tag":[],"aioseo_notices":[],"_links":{"self":[{"href":"https:\/\/www.maisonschwind.lu\/fr\/wp-json\/wp\/v2\/product\/63208"}],"collection":[{"href":"https:\/\/www.maisonschwind.lu\/fr\/wp-json\/wp\/v2\/product"}],"about":[{"href":"https:\/\/www.maisonschwind.lu\/fr\/wp-json\/wp\/v2\/types\/product"}],"replies":[{"embeddable":true,"href":"https:\/\/www.maisonschwind.lu\/fr\/wp-json\/wp\/v2\/comments?post=63208"}],"version-history":[{"count":2,"href":"https:\/\/www.maisonschwind.lu\/fr\/wp-json\/wp\/v2\/product\/63208\/revisions"}],"predecessor-version":[{"id":63216,"href":"https:\/\/www.maisonschwind.lu\/fr\/wp-json\/wp\/v2\/product\/63208\/revisions\/63216"}],"wp:featuredmedia":[{"embeddable":true,"href":"https:\/\/www.maisonschwind.lu\/fr\/wp-json\/wp\/v2\/media\/62939"}],"wp:attachment":[{"href":"https:\/\/www.maisonschwind.lu\/fr\/wp-json\/wp\/v2\/media?parent=63208"}],"wp:term":[{"taxonomy":"product_cat","embeddable":true,"href":"https:\/\/www.maisonschwind.lu\/fr\/wp-json\/wp\/v2\/product_cat?post=63208"},{"taxonomy":"product_tag","embeddable":true,"href":"https:\/\/www.maisonschwind.lu\/fr\/wp-json\/wp\/v2\/product_tag?post=63208"}],"curies":[{"name":"wp","href":"https:\/\/api.w.org\/{rel}","templated":true}]}}