{"id":63255,"date":"2025-12-19T22:07:47","date_gmt":"2025-12-19T21:07:47","guid":{"rendered":"https:\/\/www.maisonschwind.lu\/product\/laine-chaussette-6-fils-violet-7902\/"},"modified":"2025-12-23T10:48:38","modified_gmt":"2025-12-23T09:48:38","slug":"laine-chaussette-6-fils-violet-7902","status":"publish","type":"product","link":"https:\/\/www.maisonschwind.lu\/fr\/produit\/laine-chaussette-6-fils-violet-7902\/","title":{"rendered":"Laine chaussette 6 fils violet 7902"},"content":{"rendered":"\t\t<div data-elementor-type=\"wp-post\" data-elementor-id=\"63255\" class=\"elementor elementor-63255 elementor-62956\">\n\t\t\t\t\t\t\t\t\t<section class=\"elementor-section elementor-top-section elementor-element elementor-element-10749cc8 elementor-section-boxed elementor-section-height-default elementor-section-height-default\" data-id=\"10749cc8\" data-element_type=\"section\">\n\t\t\t\t\t\t<div class=\"elementor-container elementor-column-gap-default\">\n\t\t\t\t\t<div class=\"elementor-column elementor-col-100 elementor-top-column elementor-element elementor-element-3391f45a\" data-id=\"3391f45a\" data-element_type=\"column\">\n\t\t\t<div class=\"elementor-widget-wrap elementor-element-populated\">\n\t\t\t\t\t\t\t\t<div class=\"elementor-element elementor-element-241e0352 elementor-widget elementor-widget-text-editor\" data-id=\"241e0352\" data-element_type=\"widget\" data-widget_type=\"text-editor.default\">\n\t\t\t\t<div class=\"elementor-widget-container\">\n\t\t\t<style>\/*! elementor - v3.6.7 - 03-07-2022 *\/\n.elementor-widget-text-editor.elementor-drop-cap-view-stacked .elementor-drop-cap{background-color:#818a91;color:#fff}.elementor-widget-text-editor.elementor-drop-cap-view-framed .elementor-drop-cap{color:#818a91;border:3px solid;background-color:transparent}.elementor-widget-text-editor:not(.elementor-drop-cap-view-default) .elementor-drop-cap{margin-top:8px}.elementor-widget-text-editor:not(.elementor-drop-cap-view-default) .elementor-drop-cap-letter{width:1em;height:1em}.elementor-widget-text-editor .elementor-drop-cap{float:left;text-align:center;line-height:1;font-size:50px}.elementor-widget-text-editor .elementor-drop-cap-letter{display:inline-block}<\/style>\t\t\t\t<p>Opal Uni est une collection frappante de teintes unies vives et color\u00e9es, id\u00e9ale pour cr\u00e9er des chaussettes confortables, des pulls et bien plus encore. Elle est \u00e9galement parfaite comme couleur contrastante pour les talons et les orteils de vos chaussettes. Ce fil doux et r\u00e9sistant \u00e0 6 brins est compos\u00e9 de 75 % de laine vierge (superwash) et de 25 % de polyamide.<\/p><p>Chaque pelote p\u00e8se 150 g et contient environ 420 m\u00e8tres de fil. Lavable jusqu&#8217;\u00e0 40\u00b0C. Les tailles d\u2019aiguilles recommand\u00e9es sont de 3,00 \u00e0 4,00 mm.\u00a0<\/p>\t\t\t\t\t\t<\/div>\n\t\t\t\t<\/div>\n\t\t\t\t\t<\/div>\n\t\t<\/div>\n\t\t\t\t\t\t\t<\/div>\n\t\t<\/section>\n\t\t\t\t\t\t\t<\/div>\n\t\t","protected":false},"excerpt":{"rendered":"<p>Laine chaussette 6 fils 150gr<\/p>\n<p>Marque OPAL \u2013 made in Germany<\/p>\n<p>75% laine vierge \u2013 25% Polyamide<\/p>\n<p>Aiguille 3mm-4mm<\/p>\n","protected":false},"featured_media":62958,"comment_status":"closed","ping_status":"closed","template":"","meta":[],"product_cat":[1428,1424],"product_tag":[],"aioseo_notices":[],"_links":{"self":[{"href":"https:\/\/www.maisonschwind.lu\/fr\/wp-json\/wp\/v2\/product\/63255"}],"collection":[{"href":"https:\/\/www.maisonschwind.lu\/fr\/wp-json\/wp\/v2\/product"}],"about":[{"href":"https:\/\/www.maisonschwind.lu\/fr\/wp-json\/wp\/v2\/types\/product"}],"replies":[{"embeddable":true,"href":"https:\/\/www.maisonschwind.lu\/fr\/wp-json\/wp\/v2\/comments?post=63255"}],"version-history":[{"count":2,"href":"https:\/\/www.maisonschwind.lu\/fr\/wp-json\/wp\/v2\/product\/63255\/revisions"}],"predecessor-version":[{"id":63261,"href":"https:\/\/www.maisonschwind.lu\/fr\/wp-json\/wp\/v2\/product\/63255\/revisions\/63261"}],"wp:featuredmedia":[{"embeddable":true,"href":"https:\/\/www.maisonschwind.lu\/fr\/wp-json\/wp\/v2\/media\/62958"}],"wp:attachment":[{"href":"https:\/\/www.maisonschwind.lu\/fr\/wp-json\/wp\/v2\/media?parent=63255"}],"wp:term":[{"taxonomy":"product_cat","embeddable":true,"href":"https:\/\/www.maisonschwind.lu\/fr\/wp-json\/wp\/v2\/product_cat?post=63255"},{"taxonomy":"product_tag","embeddable":true,"href":"https:\/\/www.maisonschwind.lu\/fr\/wp-json\/wp\/v2\/product_tag?post=63255"}],"curies":[{"name":"wp","href":"https:\/\/api.w.org\/{rel}","templated":true}]}}