{"id":63604,"date":"2026-01-10T08:05:20","date_gmt":"2026-01-10T07:05:20","guid":{"rendered":"https:\/\/www.maisonschwind.lu\/product\/cadre-de-broderie-magnetique-a-bordure-moyenne-bernina-1089957000\/"},"modified":"2026-01-10T11:53:37","modified_gmt":"2026-01-10T10:53:37","slug":"cadre-de-broderie-magnetique-a-bordure-moyenne-bernina-1089957000","status":"publish","type":"product","link":"https:\/\/www.maisonschwind.lu\/fr\/produit\/cadre-de-broderie-magnetique-a-bordure-moyenne-bernina-1089957000\/","title":{"rendered":"Cadre de broderie magn\u00e9tique \u00e0 bordure moyenne BERNINA 1089957000"},"content":{"rendered":"\t\t<div data-elementor-type=\"wp-post\" data-elementor-id=\"63604\" class=\"elementor elementor-63604 elementor-63443\">\n\t\t\t\t\t\t\t\t\t<section class=\"elementor-section elementor-top-section elementor-element elementor-element-10749cc8 elementor-section-boxed elementor-section-height-default elementor-section-height-default\" data-id=\"10749cc8\" data-element_type=\"section\">\n\t\t\t\t\t\t<div class=\"elementor-container elementor-column-gap-default\">\n\t\t\t\t\t<div class=\"elementor-column elementor-col-100 elementor-top-column elementor-element elementor-element-3391f45a\" data-id=\"3391f45a\" data-element_type=\"column\">\n\t\t\t<div class=\"elementor-widget-wrap elementor-element-populated\">\n\t\t\t\t\t\t\t\t<div class=\"elementor-element elementor-element-241e0352 elementor-widget elementor-widget-text-editor\" data-id=\"241e0352\" data-element_type=\"widget\" data-widget_type=\"text-editor.default\">\n\t\t\t\t<div class=\"elementor-widget-container\">\n\t\t\t<style>\/*! elementor - v3.6.7 - 03-07-2022 *\/\n.elementor-widget-text-editor.elementor-drop-cap-view-stacked .elementor-drop-cap{background-color:#818a91;color:#fff}.elementor-widget-text-editor.elementor-drop-cap-view-framed .elementor-drop-cap{color:#818a91;border:3px solid;background-color:transparent}.elementor-widget-text-editor:not(.elementor-drop-cap-view-default) .elementor-drop-cap{margin-top:8px}.elementor-widget-text-editor:not(.elementor-drop-cap-view-default) .elementor-drop-cap-letter{width:1em;height:1em}.elementor-widget-text-editor .elementor-drop-cap{float:left;text-align:center;line-height:1;font-size:50px}.elementor-widget-text-editor .elementor-drop-cap-letter{display:inline-block}<\/style>\t\t\t\t<p>Le cadre de broderie magn\u00e9tique est une aide pr\u00e9cieuse pour les projets d\u00e9licats. Il est particuli\u00e8rement adapt\u00e9 aux tissus sensibles comme le velours, le cuir ou le vinyle. Gr\u00e2ce \u00e0 son syst\u00e8me de maintien magn\u00e9tique, il fixe le tissu fermement sans laisser de marques de pression ind\u00e9sirables.<\/p><p>Une fois une zone brod\u00e9e, le tissu peut \u00eatre repositionn\u00e9 facilement et rapidement.<\/p><p>Sa grande facilit\u00e9 d\u2019utilisation permet \u00e9galement de cercler confortablement des articles volumineux tels que des vestes, des casquettes souples ou des shorts.<\/p><p><strong>Surface de broderie maximale:<\/strong>\u00a0165 x 400\u00a0mm (6.5\u00a0x\u00a015.75&#8243;)<\/p><p><strong>Compatible :\u00a0<\/strong><\/p><p>B 990, B 880 PLUS AE, B 880 PLUS, B 880, B 790 PRO, B 790 PLUS Crystal Edition, B 790 PLUS SE, B 790 PLUS Anniversary Edition, B 790 PLUS, B 790, B 770 QE PRO, B 770 QE PLUS Kaffe Edition, B 770 QE PLUS, B 770 QE Anniversary Edition, B 770 QE, B 735 PRO, B 735 Patchwork Edition, B 735, B 720, B 700 PRO, B 700\u00a0<\/p>\t\t\t\t\t\t<\/div>\n\t\t\t\t<\/div>\n\t\t\t\t\t<\/div>\n\t\t<\/div>\n\t\t\t\t\t\t\t<\/div>\n\t\t<\/section>\n\t\t\t\t\t\t\t<\/div>\n\t\t","protected":false},"excerpt":{"rendered":"<ul>\n<li class=\"attribute-values\">Ne laisse pas de traces de pression sur les mat\u00e9riaux sensibles<\/li>\n<li class=\"attribute-values\">Pour les projets difficiles \u00e0 cercler<\/li>\n<li class=\"attribute-values\">Convient \u00e9galement aux tissus fins tels que l&#8217;organza ou la mousseline de soie<\/li>\n<li class=\"attribute-values\">Surface de broderie maximale : 165 x 400 mm<\/li>\n<\/ul>\n","protected":false},"featured_media":63463,"comment_status":"closed","ping_status":"closed","template":"","meta":[],"product_cat":[1530],"product_tag":[],"aioseo_notices":[],"_links":{"self":[{"href":"https:\/\/www.maisonschwind.lu\/fr\/wp-json\/wp\/v2\/product\/63604"}],"collection":[{"href":"https:\/\/www.maisonschwind.lu\/fr\/wp-json\/wp\/v2\/product"}],"about":[{"href":"https:\/\/www.maisonschwind.lu\/fr\/wp-json\/wp\/v2\/types\/product"}],"replies":[{"embeddable":true,"href":"https:\/\/www.maisonschwind.lu\/fr\/wp-json\/wp\/v2\/comments?post=63604"}],"version-history":[{"count":2,"href":"https:\/\/www.maisonschwind.lu\/fr\/wp-json\/wp\/v2\/product\/63604\/revisions"}],"predecessor-version":[{"id":63611,"href":"https:\/\/www.maisonschwind.lu\/fr\/wp-json\/wp\/v2\/product\/63604\/revisions\/63611"}],"wp:featuredmedia":[{"embeddable":true,"href":"https:\/\/www.maisonschwind.lu\/fr\/wp-json\/wp\/v2\/media\/63463"}],"wp:attachment":[{"href":"https:\/\/www.maisonschwind.lu\/fr\/wp-json\/wp\/v2\/media?parent=63604"}],"wp:term":[{"taxonomy":"product_cat","embeddable":true,"href":"https:\/\/www.maisonschwind.lu\/fr\/wp-json\/wp\/v2\/product_cat?post=63604"},{"taxonomy":"product_tag","embeddable":true,"href":"https:\/\/www.maisonschwind.lu\/fr\/wp-json\/wp\/v2\/product_tag?post=63604"}],"curies":[{"name":"wp","href":"https:\/\/api.w.org\/{rel}","templated":true}]}}