{"id":63896,"date":"2026-01-10T10:16:38","date_gmt":"2026-01-10T09:16:38","guid":{"rendered":"https:\/\/www.maisonschwind.lu\/product\/porte-bobines-additionnel-babylock-m0-70a01\/"},"modified":"2026-01-28T14:21:52","modified_gmt":"2026-01-28T13:21:52","slug":"porte-bobines-additionnel-babylock-m0-70a01","status":"publish","type":"product","link":"https:\/\/www.maisonschwind.lu\/fr\/produit\/porte-bobines-additionnel-babylock-m0-70a01\/","title":{"rendered":"Porte-bobines additionnel BABYLOCK M0-70A01"},"content":{"rendered":"\t\t<div data-elementor-type=\"wp-post\" data-elementor-id=\"63896\" class=\"elementor elementor-63896 elementor-63535\">\n\t\t\t\t\t\t\t\t\t<section class=\"elementor-section elementor-top-section elementor-element elementor-element-10749cc8 elementor-section-boxed elementor-section-height-default elementor-section-height-default\" data-id=\"10749cc8\" data-element_type=\"section\">\n\t\t\t\t\t\t<div class=\"elementor-container elementor-column-gap-default\">\n\t\t\t\t\t<div class=\"elementor-column elementor-col-100 elementor-top-column elementor-element elementor-element-3391f45a\" data-id=\"3391f45a\" data-element_type=\"column\">\n\t\t\t<div class=\"elementor-widget-wrap elementor-element-populated\">\n\t\t\t\t\t\t\t\t<div class=\"elementor-element elementor-element-241e0352 elementor-widget elementor-widget-text-editor\" data-id=\"241e0352\" data-element_type=\"widget\" data-widget_type=\"text-editor.default\">\n\t\t\t\t<div class=\"elementor-widget-container\">\n\t\t\t<style>\/*! elementor - v3.6.7 - 03-07-2022 *\/\n.elementor-widget-text-editor.elementor-drop-cap-view-stacked .elementor-drop-cap{background-color:#818a91;color:#fff}.elementor-widget-text-editor.elementor-drop-cap-view-framed .elementor-drop-cap{color:#818a91;border:3px solid;background-color:transparent}.elementor-widget-text-editor:not(.elementor-drop-cap-view-default) .elementor-drop-cap{margin-top:8px}.elementor-widget-text-editor:not(.elementor-drop-cap-view-default) .elementor-drop-cap-letter{width:1em;height:1em}.elementor-widget-text-editor .elementor-drop-cap{float:left;text-align:center;line-height:1;font-size:50px}.elementor-widget-text-editor .elementor-drop-cap-letter{display:inline-block}<\/style>\t\t\t\t<p>Le porte-fil additionnel en option est la cl\u00e9 pour r\u00e9aliser de nouveaux projets de couture fascinants. C\u2019est un outil qui stimule l\u2019inspiration et ouvre des possibilit\u00e9s insoup\u00e7onn\u00e9es pour les coutures. Il se fixe facilement au porte-bobines additionnel de la machine et ouvre une nouvelle dimension dans la couture. Chaque couture devient quelque chose de sp\u00e9cial. Vos projets gagnent en profondeur, en volume et en expressivit\u00e9. Vivez ce moment de joie lorsque vous voyez votre vision devenir r\u00e9alit\u00e9 et vous remplir de fiert\u00e9. Vous serez impatient de retourner \u00e0 votre machine \u00e0 coudre pour cr\u00e9er de nouvelles coutures.\u00a0<\/p><p><strong>Machines compatibles :<\/strong> Aspire | Gloria | Ovation | Euphoria | Primo<\/p>\t\t\t\t\t\t<\/div>\n\t\t\t\t<\/div>\n\t\t\t\t\t<\/div>\n\t\t<\/div>\n\t\t\t\t\t\t\t<\/div>\n\t\t<\/section>\n\t\t\t\t\t\t\t<\/div>\n\t\t","protected":false},"excerpt":{"rendered":"<ul>\n<li>3 fils suppl\u00e9mentaires utilisables<\/li>\n<li>Plus grande vari\u00e9t\u00e9 de coutures<\/li>\n<li>Plusieurs fils possibles dans le boucleur et les aiguilles<\/li>\n<li>Projets de couture personnalis\u00e9s<\/li>\n<li>Outil cr\u00e9atif pour la couture<\/li>\n<\/ul>\n","protected":false},"featured_media":63537,"comment_status":"closed","ping_status":"closed","template":"","meta":[],"product_cat":[1516],"product_tag":[],"aioseo_notices":[],"_links":{"self":[{"href":"https:\/\/www.maisonschwind.lu\/fr\/wp-json\/wp\/v2\/product\/63896"}],"collection":[{"href":"https:\/\/www.maisonschwind.lu\/fr\/wp-json\/wp\/v2\/product"}],"about":[{"href":"https:\/\/www.maisonschwind.lu\/fr\/wp-json\/wp\/v2\/types\/product"}],"replies":[{"embeddable":true,"href":"https:\/\/www.maisonschwind.lu\/fr\/wp-json\/wp\/v2\/comments?post=63896"}],"version-history":[{"count":2,"href":"https:\/\/www.maisonschwind.lu\/fr\/wp-json\/wp\/v2\/product\/63896\/revisions"}],"predecessor-version":[{"id":63902,"href":"https:\/\/www.maisonschwind.lu\/fr\/wp-json\/wp\/v2\/product\/63896\/revisions\/63902"}],"wp:featuredmedia":[{"embeddable":true,"href":"https:\/\/www.maisonschwind.lu\/fr\/wp-json\/wp\/v2\/media\/63537"}],"wp:attachment":[{"href":"https:\/\/www.maisonschwind.lu\/fr\/wp-json\/wp\/v2\/media?parent=63896"}],"wp:term":[{"taxonomy":"product_cat","embeddable":true,"href":"https:\/\/www.maisonschwind.lu\/fr\/wp-json\/wp\/v2\/product_cat?post=63896"},{"taxonomy":"product_tag","embeddable":true,"href":"https:\/\/www.maisonschwind.lu\/fr\/wp-json\/wp\/v2\/product_tag?post=63896"}],"curies":[{"name":"wp","href":"https:\/\/api.w.org\/{rel}","templated":true}]}}