{"id":63916,"date":"2026-01-10T10:30:36","date_gmt":"2026-01-10T09:30:36","guid":{"rendered":"https:\/\/www.maisonschwind.lu\/product\/guide-de-couture-babylock-m2-73k01\/"},"modified":"2026-01-28T14:27:24","modified_gmt":"2026-01-28T13:27:24","slug":"guide-de-couture-babylock-m2-73k01","status":"publish","type":"product","link":"https:\/\/www.maisonschwind.lu\/fr\/produit\/guide-de-couture-babylock-m2-73k01\/","title":{"rendered":"Guide de couture BABYLOCK M2-73K01"},"content":{"rendered":"\t\t<div data-elementor-type=\"wp-post\" data-elementor-id=\"63916\" class=\"elementor elementor-63916 elementor-63551\">\n\t\t\t\t\t\t\t\t\t<section class=\"elementor-section elementor-top-section elementor-element elementor-element-10749cc8 elementor-section-boxed elementor-section-height-default elementor-section-height-default\" data-id=\"10749cc8\" data-element_type=\"section\">\n\t\t\t\t\t\t<div class=\"elementor-container elementor-column-gap-default\">\n\t\t\t\t\t<div class=\"elementor-column elementor-col-100 elementor-top-column elementor-element elementor-element-3391f45a\" data-id=\"3391f45a\" data-element_type=\"column\">\n\t\t\t<div class=\"elementor-widget-wrap elementor-element-populated\">\n\t\t\t\t\t\t\t\t<div class=\"elementor-element elementor-element-241e0352 elementor-widget elementor-widget-text-editor\" data-id=\"241e0352\" data-element_type=\"widget\" data-widget_type=\"text-editor.default\">\n\t\t\t\t<div class=\"elementor-widget-container\">\n\t\t\t<style>\/*! elementor - v3.6.7 - 03-07-2022 *\/\n.elementor-widget-text-editor.elementor-drop-cap-view-stacked .elementor-drop-cap{background-color:#818a91;color:#fff}.elementor-widget-text-editor.elementor-drop-cap-view-framed .elementor-drop-cap{color:#818a91;border:3px solid;background-color:transparent}.elementor-widget-text-editor:not(.elementor-drop-cap-view-default) .elementor-drop-cap{margin-top:8px}.elementor-widget-text-editor:not(.elementor-drop-cap-view-default) .elementor-drop-cap-letter{width:1em;height:1em}.elementor-widget-text-editor .elementor-drop-cap{float:left;text-align:center;line-height:1;font-size:50px}.elementor-widget-text-editor .elementor-drop-cap-letter{display:inline-block}<\/style>\t\t\t\t<p>Le guide de couture permet de r\u00e9aliser un ourlet pr\u00e9cis et droit. De plus, les coutures d\u00e9coratives peuvent \u00eatre plac\u00e9es avec pr\u00e9cision et les bords du tissu guid\u00e9s avec exactitude. La largeur de l\u2019\u00e9cart par rapport au bord du tissu peut \u00eatre r\u00e9gl\u00e9e de mani\u00e8re variable gr\u00e2ce \u00e0 la barre coulissante. Le guide de couture ne peut \u00eatre utilis\u00e9 que dans la zone de couverture.<\/p><p><strong>Machines compatibles :<\/strong> Gloria | Ovation | Euphoria | Primo\u00a0<\/p>\t\t\t\t\t\t<\/div>\n\t\t\t\t<\/div>\n\t\t\t\t\t<\/div>\n\t\t<\/div>\n\t\t\t\t\t\t\t<\/div>\n\t\t<\/section>\n\t\t\t\t\t\t\t<\/div>\n\t\t","protected":false},"excerpt":{"rendered":"<ul>\n<li>ourlet pr\u00e9cis et droit<\/li>\n<li>placer avec pr\u00e9cision les coutures d\u00e9coratives<\/li>\n<li>guider les bords du tissu avec pr\u00e9cision<\/li>\n<\/ul>\n","protected":false},"featured_media":63553,"comment_status":"closed","ping_status":"closed","template":"","meta":[],"product_cat":[1492,1516],"product_tag":[],"aioseo_notices":[],"_links":{"self":[{"href":"https:\/\/www.maisonschwind.lu\/fr\/wp-json\/wp\/v2\/product\/63916"}],"collection":[{"href":"https:\/\/www.maisonschwind.lu\/fr\/wp-json\/wp\/v2\/product"}],"about":[{"href":"https:\/\/www.maisonschwind.lu\/fr\/wp-json\/wp\/v2\/types\/product"}],"replies":[{"embeddable":true,"href":"https:\/\/www.maisonschwind.lu\/fr\/wp-json\/wp\/v2\/comments?post=63916"}],"version-history":[{"count":2,"href":"https:\/\/www.maisonschwind.lu\/fr\/wp-json\/wp\/v2\/product\/63916\/revisions"}],"predecessor-version":[{"id":63922,"href":"https:\/\/www.maisonschwind.lu\/fr\/wp-json\/wp\/v2\/product\/63916\/revisions\/63922"}],"wp:featuredmedia":[{"embeddable":true,"href":"https:\/\/www.maisonschwind.lu\/fr\/wp-json\/wp\/v2\/media\/63553"}],"wp:attachment":[{"href":"https:\/\/www.maisonschwind.lu\/fr\/wp-json\/wp\/v2\/media?parent=63916"}],"wp:term":[{"taxonomy":"product_cat","embeddable":true,"href":"https:\/\/www.maisonschwind.lu\/fr\/wp-json\/wp\/v2\/product_cat?post=63916"},{"taxonomy":"product_tag","embeddable":true,"href":"https:\/\/www.maisonschwind.lu\/fr\/wp-json\/wp\/v2\/product_tag?post=63916"}],"curies":[{"name":"wp","href":"https:\/\/api.w.org\/{rel}","templated":true}]}}