{"id":64292,"date":"2026-02-13T13:03:49","date_gmt":"2026-02-13T12:03:49","guid":{"rendered":"https:\/\/www.maisonschwind.lu\/product\/mini-quilter-grace-company\/"},"modified":"2026-02-13T13:33:38","modified_gmt":"2026-02-13T12:33:38","slug":"mini-quilter-grace-company","status":"publish","type":"product","link":"https:\/\/www.maisonschwind.lu\/fr\/produit\/mini-quilter-grace-company\/","title":{"rendered":"Mini Quilter Grace Company"},"content":{"rendered":"\t\t<div data-elementor-type=\"wp-post\" data-elementor-id=\"64292\" class=\"elementor elementor-64292 elementor-64281\">\n\t\t\t\t\t\t\t\t\t<section class=\"elementor-section elementor-top-section elementor-element elementor-element-10749cc8 elementor-section-boxed elementor-section-height-default elementor-section-height-default\" data-id=\"10749cc8\" data-element_type=\"section\">\n\t\t\t\t\t\t<div class=\"elementor-container elementor-column-gap-default\">\n\t\t\t\t\t<div class=\"elementor-column elementor-col-100 elementor-top-column elementor-element elementor-element-3391f45a\" data-id=\"3391f45a\" data-element_type=\"column\">\n\t\t\t<div class=\"elementor-widget-wrap elementor-element-populated\">\n\t\t\t\t\t\t\t\t<div class=\"elementor-element elementor-element-241e0352 elementor-widget elementor-widget-text-editor\" data-id=\"241e0352\" data-element_type=\"widget\" data-widget_type=\"text-editor.default\">\n\t\t\t\t<div class=\"elementor-widget-container\">\n\t\t\t<style>\/*! elementor - v3.6.7 - 03-07-2022 *\/\n.elementor-widget-text-editor.elementor-drop-cap-view-stacked .elementor-drop-cap{background-color:#818a91;color:#fff}.elementor-widget-text-editor.elementor-drop-cap-view-framed .elementor-drop-cap{color:#818a91;border:3px solid;background-color:transparent}.elementor-widget-text-editor:not(.elementor-drop-cap-view-default) .elementor-drop-cap{margin-top:8px}.elementor-widget-text-editor:not(.elementor-drop-cap-view-default) .elementor-drop-cap-letter{width:1em;height:1em}.elementor-widget-text-editor .elementor-drop-cap{float:left;text-align:center;line-height:1;font-size:50px}.elementor-widget-text-editor .elementor-drop-cap-letter{display:inline-block}<\/style>\t\t\t\t<p><strong>Meilleure gestion du tissu<\/strong><br \/>Une combinaison de pinces et d&#8217;\u00e9lastiques maintient le tissu sur le cadre et garantit une tension parfaite.<\/p><p><strong>Adapter la hauteur \u00e0 votre machine<\/strong><br \/>Soulevez le cadre sup\u00e9rieur ou abaissez-le pour l&#8217;ajuster \u00e0 la base de votre machine.<\/p>\t\t\t\t\t\t<\/div>\n\t\t\t\t<\/div>\n\t\t\t\t\t<\/div>\n\t\t<\/div>\n\t\t\t\t\t\t\t<\/div>\n\t\t<\/section>\n\t\t\t\t\t\t\t<\/div>\n\t\t","protected":false},"excerpt":{"rendered":"<p>Avec le Mini Quilter, vous pouvez commencer le quilting long bras rapidement et \u00e0 moindre co\u00fbt. <strong>Utilisez votre machine \u00e0 coudre<\/strong> ! Le Mini Quilter fonctionne avec des machines \u00e0 coudre ayant un espace libre de 8 \u00e0 13 pouces (20 et 33cm), ce qui vous permet d&#8217;utiliser votre machine habituelle. Avec des dimensions de 27,5&#8243; x 29,5&#8243; (70 x 75 cm), ce cadre peut tenir sur votre table de cuisine et \u00eatre rang\u00e9 lorsqu&#8217;il n&#8217;est pas utilis\u00e9.<\/p>\n","protected":false},"featured_media":64283,"comment_status":"closed","ping_status":"closed","template":"","meta":[],"product_cat":[1492,1427,1397],"product_tag":[],"aioseo_notices":[],"_links":{"self":[{"href":"https:\/\/www.maisonschwind.lu\/fr\/wp-json\/wp\/v2\/product\/64292"}],"collection":[{"href":"https:\/\/www.maisonschwind.lu\/fr\/wp-json\/wp\/v2\/product"}],"about":[{"href":"https:\/\/www.maisonschwind.lu\/fr\/wp-json\/wp\/v2\/types\/product"}],"replies":[{"embeddable":true,"href":"https:\/\/www.maisonschwind.lu\/fr\/wp-json\/wp\/v2\/comments?post=64292"}],"version-history":[{"count":3,"href":"https:\/\/www.maisonschwind.lu\/fr\/wp-json\/wp\/v2\/product\/64292\/revisions"}],"predecessor-version":[{"id":64299,"href":"https:\/\/www.maisonschwind.lu\/fr\/wp-json\/wp\/v2\/product\/64292\/revisions\/64299"}],"wp:featuredmedia":[{"embeddable":true,"href":"https:\/\/www.maisonschwind.lu\/fr\/wp-json\/wp\/v2\/media\/64283"}],"wp:attachment":[{"href":"https:\/\/www.maisonschwind.lu\/fr\/wp-json\/wp\/v2\/media?parent=64292"}],"wp:term":[{"taxonomy":"product_cat","embeddable":true,"href":"https:\/\/www.maisonschwind.lu\/fr\/wp-json\/wp\/v2\/product_cat?post=64292"},{"taxonomy":"product_tag","embeddable":true,"href":"https:\/\/www.maisonschwind.lu\/fr\/wp-json\/wp\/v2\/product_tag?post=64292"}],"curies":[{"name":"wp","href":"https:\/\/api.w.org\/{rel}","templated":true}]}}