{"id":65297,"date":"2026-03-06T09:09:12","date_gmt":"2026-03-06T08:09:12","guid":{"rendered":"https:\/\/www.maisonschwind.lu\/product\/singer-heavy-duty-500-classic\/"},"modified":"2026-03-06T09:52:25","modified_gmt":"2026-03-06T08:52:25","slug":"singer-heavy-duty-500-classic-singer-heavy-duty-500-classic-edition-limitee","status":"publish","type":"product","link":"https:\/\/www.maisonschwind.lu\/fr\/produit\/singer-heavy-duty-500-classic-singer-heavy-duty-500-classic-edition-limitee\/","title":{"rendered":"SINGER Heavy Duty 500 Classic &#8211; \u00e9dition limit\u00e9e"},"content":{"rendered":"\t\t<div data-elementor-type=\"wp-post\" data-elementor-id=\"65297\" class=\"elementor elementor-65297 elementor-65270\">\n\t\t\t\t\t\t\t\t\t<section class=\"elementor-section elementor-top-section elementor-element elementor-element-10749cc8 elementor-section-boxed elementor-section-height-default elementor-section-height-default\" data-id=\"10749cc8\" data-element_type=\"section\">\n\t\t\t\t\t\t<div class=\"elementor-container elementor-column-gap-default\">\n\t\t\t\t\t<div class=\"elementor-column elementor-col-100 elementor-top-column elementor-element elementor-element-3391f45a\" data-id=\"3391f45a\" data-element_type=\"column\">\n\t\t\t<div class=\"elementor-widget-wrap elementor-element-populated\">\n\t\t\t\t\t\t\t\t<div class=\"elementor-element elementor-element-241e0352 elementor-widget elementor-widget-text-editor\" data-id=\"241e0352\" data-element_type=\"widget\" data-widget_type=\"text-editor.default\">\n\t\t\t\t<div class=\"elementor-widget-container\">\n\t\t\t<style>\/*! elementor - v3.6.7 - 03-07-2022 *\/\n.elementor-widget-text-editor.elementor-drop-cap-view-stacked .elementor-drop-cap{background-color:#818a91;color:#fff}.elementor-widget-text-editor.elementor-drop-cap-view-framed .elementor-drop-cap{color:#818a91;border:3px solid;background-color:transparent}.elementor-widget-text-editor:not(.elementor-drop-cap-view-default) .elementor-drop-cap{margin-top:8px}.elementor-widget-text-editor:not(.elementor-drop-cap-view-default) .elementor-drop-cap-letter{width:1em;height:1em}.elementor-widget-text-editor .elementor-drop-cap{float:left;text-align:center;line-height:1;font-size:50px}.elementor-widget-text-editor .elementor-drop-cap-letter{display:inline-block}<\/style>\t\t\t\t<p><span style=\"text-decoration: underline\"><strong>Points forts :<\/strong><\/span><\/p><ul><li>32 points (110 applications)<\/li><li>Force de p\u00e9n\u00e9tration am\u00e9lior\u00e9e<\/li><li>Boutonni\u00e8re en une \u00e9tape<\/li><li>Enfile-aiguille int\u00e9gr\u00e9<\/li><li>Position de l\u2019aiguille r\u00e9glable<\/li><li>Pression du pied-de-biche r\u00e9glable<\/li><li>Vitesse de couture tr\u00e8s \u00e9lev\u00e9e<\/li><\/ul>\t\t\t\t\t\t<\/div>\n\t\t\t\t<\/div>\n\t\t\t\t\t<\/div>\n\t\t<\/div>\n\t\t\t\t\t\t\t<\/div>\n\t\t<\/section>\n\t\t\t\t\t\t\t<\/div>\n\t\t","protected":false},"excerpt":{"rendered":"<p>Le design intemporel et les couleurs de la machine \u00e0 coudre SINGER\u00ae HEAVY DUTY\u2122 500 Classic s\u2019inspirent de l\u2019h\u00e9ritage des machines \u00e0 coudre vintage embl\u00e9matiques SINGER\u00ae, tout en offrant la facilit\u00e9 d\u2019utilisation, la polyvalence et la puissance suppl\u00e9mentaire attendues par les utilisateurs modernes.<\/p>\n<p>\u00c0 l\u2019achat, vous recevrez temporairement<strong>\u00a0GRATUITEMENT* un sac de transport SINGER\u00ae pratique\u00a0<\/strong>d\u2019une valeur de 49,90 \u20ac.<br \/>\n* Dans la limite des stocks disponibles.<\/p>\n<p><a href=\"https:\/\/singerbenelux.com\/wp-content\/uploads\/2011\/03\/SINGER_HD500_Classic-A-4-ProductSheet_FR.pdf\"><img loading=\"lazy\" class=\"alignnone wp-image-13718 size-full\" src=\"https:\/\/www.maisonschwind.lu\/shop\/wp-content\/uploads\/2022\/09\/pdf-brochure-fr-2.png\" alt=\"\" width=\"150\" height=\"60\" \/><\/a><\/p>\n","protected":false},"featured_media":67211,"comment_status":"closed","ping_status":"closed","template":"","meta":[],"product_cat":[1492,1379],"product_tag":[],"aioseo_notices":[{"message":"Le permalien pour cette publication vient de changer\u00a0! Les internautes pourraient rencontrer des erreurs\u00a0404 en consultant votre site.","status":"warning","options":{"id":"d2d0becb2f17265d75060267363c475c","isDismissible":true,"actions":[{"url":"https:\/\/www.maisonschwind.lu\/shop\/wp-admin\/admin.php?page=aioseo-redirects","label":"Ajouter une redirection pour am\u00e9liorer le SEO","target":"_blank","class":"aioseo-redirects-slug-changed"}]},"allowedContexts":["posts"]}],"_links":{"self":[{"href":"https:\/\/www.maisonschwind.lu\/fr\/wp-json\/wp\/v2\/product\/65297"}],"collection":[{"href":"https:\/\/www.maisonschwind.lu\/fr\/wp-json\/wp\/v2\/product"}],"about":[{"href":"https:\/\/www.maisonschwind.lu\/fr\/wp-json\/wp\/v2\/types\/product"}],"replies":[{"embeddable":true,"href":"https:\/\/www.maisonschwind.lu\/fr\/wp-json\/wp\/v2\/comments?post=65297"}],"version-history":[{"count":7,"href":"https:\/\/www.maisonschwind.lu\/fr\/wp-json\/wp\/v2\/product\/65297\/revisions"}],"predecessor-version":[{"id":65315,"href":"https:\/\/www.maisonschwind.lu\/fr\/wp-json\/wp\/v2\/product\/65297\/revisions\/65315"}],"wp:featuredmedia":[{"embeddable":true,"href":"https:\/\/www.maisonschwind.lu\/fr\/wp-json\/wp\/v2\/media\/67211"}],"wp:attachment":[{"href":"https:\/\/www.maisonschwind.lu\/fr\/wp-json\/wp\/v2\/media?parent=65297"}],"wp:term":[{"taxonomy":"product_cat","embeddable":true,"href":"https:\/\/www.maisonschwind.lu\/fr\/wp-json\/wp\/v2\/product_cat?post=65297"},{"taxonomy":"product_tag","embeddable":true,"href":"https:\/\/www.maisonschwind.lu\/fr\/wp-json\/wp\/v2\/product_tag?post=65297"}],"curies":[{"name":"wp","href":"https:\/\/api.w.org\/{rel}","templated":true}]}}