{"id":65720,"date":"2026-03-04T17:30:31","date_gmt":"2026-03-04T16:30:31","guid":{"rendered":"https:\/\/www.maisonschwind.lu\/product\/husqvarna-viking-designer-topaz-50-occasion\/"},"modified":"2026-03-11T14:43:12","modified_gmt":"2026-03-11T13:43:12","slug":"husqvarna-viking-designer-topaz-50-occasion","status":"publish","type":"product","link":"https:\/\/www.maisonschwind.lu\/fr\/produit\/husqvarna-viking-designer-topaz-50-occasion\/","title":{"rendered":"HUSQVARNA Viking Designer Topaz 50 &#8211; OCCASION"},"content":{"rendered":"\t\t<div data-elementor-type=\"wp-post\" data-elementor-id=\"65720\" class=\"elementor elementor-65720 elementor-65242\">\n\t\t\t\t\t\t\t\t\t<section class=\"elementor-section elementor-top-section elementor-element elementor-element-10749cc8 elementor-section-boxed elementor-section-height-default elementor-section-height-default\" data-id=\"10749cc8\" data-element_type=\"section\">\n\t\t\t\t\t\t<div class=\"elementor-container elementor-column-gap-default\">\n\t\t\t\t\t<div class=\"elementor-column elementor-col-100 elementor-top-column elementor-element elementor-element-3391f45a\" data-id=\"3391f45a\" data-element_type=\"column\">\n\t\t\t<div class=\"elementor-widget-wrap elementor-element-populated\">\n\t\t\t\t\t\t\t\t<div class=\"elementor-element elementor-element-241e0352 elementor-widget elementor-widget-text-editor\" data-id=\"241e0352\" data-element_type=\"widget\" data-widget_type=\"text-editor.default\">\n\t\t\t\t<div class=\"elementor-widget-container\">\n\t\t\t<style>\/*! elementor - v3.6.7 - 03-07-2022 *\/\n.elementor-widget-text-editor.elementor-drop-cap-view-stacked .elementor-drop-cap{background-color:#818a91;color:#fff}.elementor-widget-text-editor.elementor-drop-cap-view-framed .elementor-drop-cap{color:#818a91;border:3px solid;background-color:transparent}.elementor-widget-text-editor:not(.elementor-drop-cap-view-default) .elementor-drop-cap{margin-top:8px}.elementor-widget-text-editor:not(.elementor-drop-cap-view-default) .elementor-drop-cap-letter{width:1em;height:1em}.elementor-widget-text-editor .elementor-drop-cap{float:left;text-align:center;line-height:1;font-size:50px}.elementor-widget-text-editor .elementor-drop-cap-letter{display:inline-block}<\/style>\t\t\t\t<ul><li>accessoires inclus : 10 semelles, canettes, valise, p\u00e9dale, c\u00e2ble d&#8217;alimentation, coupe-fil de rechange, 3 cadres \u00e0 broder (360&#215;200; 120&#215;120; 80&#215;80), etc.<\/li><li>accessoires suppl\u00e9mentaires : table de rallonge, pied \u00e9lastique 6-12mm, pied ourleur 5mm, pied bordeur pour biais 6mm, pied pour applications, pied pour fermeture \u00e0 glissi\u00e8re invisible, pied r\u00e9glable pour pose de biais\u00a0<\/li><\/ul>\t\t\t\t\t\t<\/div>\n\t\t\t\t<\/div>\n\t\t\t\t\t<\/div>\n\t\t<\/div>\n\t\t\t\t\t\t\t<\/div>\n\t\t<\/section>\n\t\t\t\t\t\t\t<\/div>\n\t\t","protected":false},"excerpt":{"rendered":"<p>Couture magnifique, broderie remarquable et assistance int\u00e9gr\u00e9e ! Innovation \u00e9tincelante, grande capacit\u00e9, \u00e9cran couleur tactile interactif, \u00e9dition et enregistrement de motifs de broderie.<\/p>\n<p>Garantie 1 an<\/p>\n","protected":false},"featured_media":65244,"comment_status":"closed","ping_status":"closed","template":"","meta":[],"product_cat":[1492,1385],"product_tag":[],"aioseo_notices":[],"_links":{"self":[{"href":"https:\/\/www.maisonschwind.lu\/fr\/wp-json\/wp\/v2\/product\/65720"}],"collection":[{"href":"https:\/\/www.maisonschwind.lu\/fr\/wp-json\/wp\/v2\/product"}],"about":[{"href":"https:\/\/www.maisonschwind.lu\/fr\/wp-json\/wp\/v2\/types\/product"}],"replies":[{"embeddable":true,"href":"https:\/\/www.maisonschwind.lu\/fr\/wp-json\/wp\/v2\/comments?post=65720"}],"version-history":[{"count":2,"href":"https:\/\/www.maisonschwind.lu\/fr\/wp-json\/wp\/v2\/product\/65720\/revisions"}],"predecessor-version":[{"id":65726,"href":"https:\/\/www.maisonschwind.lu\/fr\/wp-json\/wp\/v2\/product\/65720\/revisions\/65726"}],"wp:featuredmedia":[{"embeddable":true,"href":"https:\/\/www.maisonschwind.lu\/fr\/wp-json\/wp\/v2\/media\/65244"}],"wp:attachment":[{"href":"https:\/\/www.maisonschwind.lu\/fr\/wp-json\/wp\/v2\/media?parent=65720"}],"wp:term":[{"taxonomy":"product_cat","embeddable":true,"href":"https:\/\/www.maisonschwind.lu\/fr\/wp-json\/wp\/v2\/product_cat?post=65720"},{"taxonomy":"product_tag","embeddable":true,"href":"https:\/\/www.maisonschwind.lu\/fr\/wp-json\/wp\/v2\/product_tag?post=65720"}],"curies":[{"name":"wp","href":"https:\/\/api.w.org\/{rel}","templated":true}]}}