{"id":66271,"date":"2026-03-23T09:13:48","date_gmt":"2026-03-23T08:13:48","guid":{"rendered":"https:\/\/www.maisonschwind.lu\/product\/babylock-enlighten-blossom-edition-limitee\/"},"modified":"2026-03-23T09:54:52","modified_gmt":"2026-03-23T08:54:52","slug":"babylock-enlighten-blossom-edition-limitee","status":"publish","type":"product","link":"https:\/\/www.maisonschwind.lu\/fr\/produit\/babylock-enlighten-blossom-edition-limitee\/","title":{"rendered":"Babylock Enlighten Blossom Edition limit\u00e9e"},"content":{"rendered":"\t\t<div data-elementor-type=\"wp-post\" data-elementor-id=\"66271\" class=\"elementor elementor-66271 elementor-66264\">\n\t\t\t\t\t\t\t\t\t<section class=\"elementor-section elementor-top-section elementor-element elementor-element-10749cc8 elementor-section-boxed elementor-section-height-default elementor-section-height-default\" data-id=\"10749cc8\" data-element_type=\"section\">\n\t\t\t\t\t\t<div class=\"elementor-container elementor-column-gap-default\">\n\t\t\t\t\t<div class=\"elementor-column elementor-col-100 elementor-top-column elementor-element elementor-element-3391f45a\" data-id=\"3391f45a\" data-element_type=\"column\">\n\t\t\t<div class=\"elementor-widget-wrap elementor-element-populated\">\n\t\t\t\t\t\t\t\t<div class=\"elementor-element elementor-element-241e0352 elementor-widget elementor-widget-text-editor\" data-id=\"241e0352\" data-element_type=\"widget\" data-widget_type=\"text-editor.default\">\n\t\t\t\t<div class=\"elementor-widget-container\">\n\t\t\t<style>\/*! elementor - v3.6.7 - 03-07-2022 *\/\n.elementor-widget-text-editor.elementor-drop-cap-view-stacked .elementor-drop-cap{background-color:#818a91;color:#fff}.elementor-widget-text-editor.elementor-drop-cap-view-framed .elementor-drop-cap{color:#818a91;border:3px solid;background-color:transparent}.elementor-widget-text-editor:not(.elementor-drop-cap-view-default) .elementor-drop-cap{margin-top:8px}.elementor-widget-text-editor:not(.elementor-drop-cap-view-default) .elementor-drop-cap-letter{width:1em;height:1em}.elementor-widget-text-editor .elementor-drop-cap{float:left;text-align:center;line-height:1;font-size:50px}.elementor-widget-text-editor .elementor-drop-cap-letter{display:inline-block}<\/style>\t\t\t\t<p class=\"wp-block-heading has-text-align-center\"><strong>Les fonctions de la surjeteuse expliqu\u00e9es bri\u00e8vement:<\/strong><\/p><p>L\u2019enlighten r\u00e9pond \u00e0 tous les souhaits en mati\u00e8re de facilit\u00e9 d\u2019utilisation et de traitement des tissus. Gr\u00e2ce au syst\u00e8me ATD, une invention r\u00e9volutionnaire de baby lock, la couture est toujours impeccable, quel que soit le type de tissu ou de fil, et sans aucun r\u00e9glage! Avec les machines baby lock, la recherche fastidieuse de la bonne tension de fil appartient au pass\u00e9.<\/p><p>Le syst\u00e8me de boucleur baby lock s\u2019inspire des machines industrielles et est donc particuli\u00e8rement robuste. Dot\u00e9 d\u2019une pr\u00e9cision m\u00e9canique remarquable, il garantit \u00e0 tout moment une formation fiable des points. De plus, il est surdimensionn\u00e9, ce qui permet d\u2019utiliser tous types de fils et d\u2019obtenir un r\u00e9sultat parfait m\u00eame avec des fils tr\u00e8s \u00e9pais. Cela ouvre de nouveaux horizons cr\u00e9atifs avec toutes sortes de jeux de fils.<\/p><p data-renderer-start-pos=\"52160\" data-local-id=\"08c9c7823add\">L\u2019enlighten dispose du syst\u00e8me ExtraordinAir, un syst\u00e8me d\u2019enfilage par air innovant. Une pompe activ\u00e9e par un bouton enfile les fils des boucleurs de mani\u00e8re fiable et rapide. Il suffit de s\u00e9lectionner le fil du boucleur souhait\u00e9, de l\u2019ins\u00e9rer dans l\u2019orifice correspondant au boucleur choisi, d\u2019appuyer sur le bouton et le fil s\u2019enfile tout seul jusqu\u2019\u00e0 la pointe du boucleur et c\u2019est ainsi\u2013 pour tous les boucleurs et ind\u00e9pendamment de l\u2019ordre d\u2019enfilage. Cela ne peut pas \u00eatre plus confortable !<\/p><p data-renderer-start-pos=\"52660\" data-local-id=\"74103c2fcd56\">En outre, l\u2019enlighten est \u00e9quip\u00e9e d\u2019un enfileur d\u2019aiguille m\u00e9canique qui reste en position fixe pour simplifier son utilisation.<\/p><p data-renderer-start-pos=\"52660\" data-local-id=\"74103c2fcd56\">Ourlet roulott\u00e9, couture flatlock, surjet d\u2019assemblage ou point de bordure\u2026Autant d\u2019invitations \u00e0 exp\u00e9rimenter, \u00e0 d\u00e9corer. Avec l\u2019enlighten, il est m\u00eame possible de surpasser la diversit\u00e9 des jeux de couture, car elle permet de cr\u00e9er des points wave uniques en leur genre. Le point wave est un ornement particulier qui attire imm\u00e9diatement l\u2019attention sur le plus basique des tissus. Un ouvrage personnalis\u00e9 , \u00e0 part : une exclusivit\u00e9 baby lock !\u00a0<\/p>\t\t\t\t\t\t<\/div>\n\t\t\t\t<\/div>\n\t\t\t\t\t<\/div>\n\t\t<\/div>\n\t\t\t\t\t\t\t<\/div>\n\t\t<\/section>\n\t\t\t\t\t\t\t<\/div>\n\t\t","protected":false},"excerpt":{"rendered":"<p><em><strong>DISPONIBLE MI-AVRIL EN QUANTITE LIMITEE !<\/strong><\/em><\/p>\n<p><em><strong>N&#8217;h\u00e9sitez pas \u00e0 pr\u00e9-commander votre Babylock Enlighten Blossom !<\/strong><\/em><\/p>\n<p><strong>\u00c9dition sp\u00e9ciale \u00b7 Design rose exclusif avec pack accessoires offert !<\/strong><\/p>\n<p><strong>La surjeteuse qui a tout chang\u00e9\u2026<\/strong><br \/>\n<strong>aujourd\u2019hui en pleine floraison.<\/strong><\/p>\n<p>La technologie l\u00e9gendaire de baby lock s\u2019unit \u00e0 un design unique pour celles et ceux qui cousent avec style, pr\u00e9cision et passion.<\/p>\n<p><strong>Technologie sans limites<\/strong><\/p>\n<p>\u2714 Syst\u00e8me d\u2019enfilage \u00e0 air ExtraordinAir\u2122<br \/>\nSans pince. Sans effort. Sans frustration.<\/p>\n<p>\u2714 Syst\u00e8me automatique d\u2019alimentation du fil (ATD)<br \/>\nTension parfaite pour chaque point.<\/p>\n<p>\u2714 R\u00e9sultats impeccables sur tous les tissus avec tous types de fils<br \/>\n\u2714 Fonctionnement fluide, puissance et fiabilit\u00e9 \u2013 Ing\u00e9nierie japonaise<\/p>\n<p>M\u00eame performance. Nouveau caract\u00e8re.<\/p>\n<p><a href=\"https:\/\/babylock.fr\/machines-coudre\/surjeteuses\/enlighten\/\" target=\"_blank\" rel=\"noopener\"><img loading=\"lazy\" class=\"alignnone wp-image-17937 size-full\" src=\"https:\/\/www.maisonschwind.lu\/shop\/wp-content\/uploads\/2022\/09\/pdf-brochure-fr-3.png\" alt=\"\" width=\"150\" height=\"60\" \/><\/a><\/p>\n<p>Garantie 2 ans + 2 ans si enregistrement (sauf couteaux et boucleurs)<\/p>\n","protected":false},"featured_media":66266,"comment_status":"closed","ping_status":"closed","template":"","meta":[],"product_cat":[1492,1381],"product_tag":[],"aioseo_notices":[],"_links":{"self":[{"href":"https:\/\/www.maisonschwind.lu\/fr\/wp-json\/wp\/v2\/product\/66271"}],"collection":[{"href":"https:\/\/www.maisonschwind.lu\/fr\/wp-json\/wp\/v2\/product"}],"about":[{"href":"https:\/\/www.maisonschwind.lu\/fr\/wp-json\/wp\/v2\/types\/product"}],"replies":[{"embeddable":true,"href":"https:\/\/www.maisonschwind.lu\/fr\/wp-json\/wp\/v2\/comments?post=66271"}],"version-history":[{"count":3,"href":"https:\/\/www.maisonschwind.lu\/fr\/wp-json\/wp\/v2\/product\/66271\/revisions"}],"predecessor-version":[{"id":66320,"href":"https:\/\/www.maisonschwind.lu\/fr\/wp-json\/wp\/v2\/product\/66271\/revisions\/66320"}],"wp:featuredmedia":[{"embeddable":true,"href":"https:\/\/www.maisonschwind.lu\/fr\/wp-json\/wp\/v2\/media\/66266"}],"wp:attachment":[{"href":"https:\/\/www.maisonschwind.lu\/fr\/wp-json\/wp\/v2\/media?parent=66271"}],"wp:term":[{"taxonomy":"product_cat","embeddable":true,"href":"https:\/\/www.maisonschwind.lu\/fr\/wp-json\/wp\/v2\/product_cat?post=66271"},{"taxonomy":"product_tag","embeddable":true,"href":"https:\/\/www.maisonschwind.lu\/fr\/wp-json\/wp\/v2\/product_tag?post=66271"}],"curies":[{"name":"wp","href":"https:\/\/api.w.org\/{rel}","templated":true}]}}