{"id":66446,"date":"2026-03-18T17:44:01","date_gmt":"2026-03-18T16:44:01","guid":{"rendered":"https:\/\/www.maisonschwind.lu\/product\/kit-couture-besace-esprit-couture-kbesace-2\/"},"modified":"2026-03-25T14:12:47","modified_gmt":"2026-03-25T13:12:47","slug":"kit-couture-besace-esprit-couture-kbesace-2","status":"publish","type":"product","link":"https:\/\/www.maisonschwind.lu\/fr\/produit\/kit-couture-besace-esprit-couture-kbesace-2\/","title":{"rendered":"Kit couture besace &#8220;ESPRIT COUTURE&#8221; KBESACE 2"},"content":{"rendered":"\t\t<div data-elementor-type=\"wp-post\" data-elementor-id=\"66446\" class=\"elementor elementor-66446 elementor-66133\">\n\t\t\t\t\t\t\t\t\t<section class=\"elementor-section elementor-top-section elementor-element elementor-element-10749cc8 elementor-section-boxed elementor-section-height-default elementor-section-height-default\" data-id=\"10749cc8\" data-element_type=\"section\">\n\t\t\t\t\t\t<div class=\"elementor-container elementor-column-gap-default\">\n\t\t\t\t\t<div class=\"elementor-column elementor-col-100 elementor-top-column elementor-element elementor-element-3391f45a\" data-id=\"3391f45a\" data-element_type=\"column\">\n\t\t\t<div class=\"elementor-widget-wrap elementor-element-populated\">\n\t\t\t\t\t\t\t\t<div class=\"elementor-element elementor-element-241e0352 elementor-widget elementor-widget-text-editor\" data-id=\"241e0352\" data-element_type=\"widget\" data-widget_type=\"text-editor.default\">\n\t\t\t\t<div class=\"elementor-widget-container\">\n\t\t\t<style>\/*! elementor - v3.6.7 - 03-07-2022 *\/\n.elementor-widget-text-editor.elementor-drop-cap-view-stacked .elementor-drop-cap{background-color:#818a91;color:#fff}.elementor-widget-text-editor.elementor-drop-cap-view-framed .elementor-drop-cap{color:#818a91;border:3px solid;background-color:transparent}.elementor-widget-text-editor:not(.elementor-drop-cap-view-default) .elementor-drop-cap{margin-top:8px}.elementor-widget-text-editor:not(.elementor-drop-cap-view-default) .elementor-drop-cap-letter{width:1em;height:1em}.elementor-widget-text-editor .elementor-drop-cap{float:left;text-align:center;line-height:1;font-size:50px}.elementor-widget-text-editor .elementor-drop-cap-letter{display:inline-block}<\/style>\t\t\t\t<div><div><h2>Composition du kit<\/h2><\/div><\/div><div><p>Ce kit contient\u00a0:\u00a0<\/p><p>&#8211; 1 coupon de tissu jean noir<br \/>&#8211; 1 coupon de popeline noire pois blancs<br \/>&#8211; 1 fermeture \u00e0 glissi\u00e8re en plastique m\u00e9tallis\u00e9e dor\u00e9e<br \/>&#8211; De la sangle tiss\u00e9e<br \/>&#8211; du biais noir<br \/>&#8211; 1 boucle rectangle dor\u00e9e<br \/>&#8211; 1 boucle coulisse dor\u00e9e<br \/>&#8211; 1 \u00e9tiquette ESPRIT COUTURE en simili cuir<br \/>&#8211; 1 patron taille r\u00e9elle\u00a0<br \/>&#8211; 1 notice d\u00e9taill\u00e9e de coupe et de montage<\/p><\/div>\t\t\t\t\t\t<\/div>\n\t\t\t\t<\/div>\n\t\t\t\t\t<\/div>\n\t\t<\/div>\n\t\t\t\t\t\t\t<\/div>\n\t\t<\/section>\n\t\t\t\t\t\t\t<\/div>\n\t\t","protected":false},"excerpt":{"rendered":"<p><strong>Dimensions (HxLxP)<\/strong><strong>\u00a0<\/strong>: 40 x 24 x 9 cm<\/p>\n<p><strong>Longueur bandouli\u00e8re<\/strong> : 95 cm maxi<\/p>\n","protected":false},"featured_media":66122,"comment_status":"closed","ping_status":"closed","template":"","meta":[],"product_cat":[1492],"product_tag":[],"aioseo_notices":[],"_links":{"self":[{"href":"https:\/\/www.maisonschwind.lu\/fr\/wp-json\/wp\/v2\/product\/66446"}],"collection":[{"href":"https:\/\/www.maisonschwind.lu\/fr\/wp-json\/wp\/v2\/product"}],"about":[{"href":"https:\/\/www.maisonschwind.lu\/fr\/wp-json\/wp\/v2\/types\/product"}],"replies":[{"embeddable":true,"href":"https:\/\/www.maisonschwind.lu\/fr\/wp-json\/wp\/v2\/comments?post=66446"}],"version-history":[{"count":2,"href":"https:\/\/www.maisonschwind.lu\/fr\/wp-json\/wp\/v2\/product\/66446\/revisions"}],"predecessor-version":[{"id":66453,"href":"https:\/\/www.maisonschwind.lu\/fr\/wp-json\/wp\/v2\/product\/66446\/revisions\/66453"}],"wp:featuredmedia":[{"embeddable":true,"href":"https:\/\/www.maisonschwind.lu\/fr\/wp-json\/wp\/v2\/media\/66122"}],"wp:attachment":[{"href":"https:\/\/www.maisonschwind.lu\/fr\/wp-json\/wp\/v2\/media?parent=66446"}],"wp:term":[{"taxonomy":"product_cat","embeddable":true,"href":"https:\/\/www.maisonschwind.lu\/fr\/wp-json\/wp\/v2\/product_cat?post=66446"},{"taxonomy":"product_tag","embeddable":true,"href":"https:\/\/www.maisonschwind.lu\/fr\/wp-json\/wp\/v2\/product_tag?post=66446"}],"curies":[{"name":"wp","href":"https:\/\/api.w.org\/{rel}","templated":true}]}}