{"id":67254,"date":"2026-04-01T11:23:51","date_gmt":"2026-04-01T09:23:51","guid":{"rendered":"https:\/\/www.maisonschwind.lu\/product\/french-terry-chiens-collection-jennifer-bouron\/"},"modified":"2026-04-03T11:30:33","modified_gmt":"2026-04-03T09:30:33","slug":"french-terry-chiens-collection-jennifer-bouron","status":"publish","type":"product","link":"https:\/\/www.maisonschwind.lu\/fr\/produit\/french-terry-chiens-collection-jennifer-bouron\/","title":{"rendered":"French-Terry chiens &#8211; collection Jennifer Bouron 08111.011"},"content":{"rendered":"\t\t<div data-elementor-type=\"wp-post\" data-elementor-id=\"67254\" class=\"elementor elementor-67254 elementor-67050\">\n\t\t\t\t\t\t\t\t\t<section class=\"elementor-section elementor-top-section elementor-element elementor-element-10749cc8 elementor-section-boxed elementor-section-height-default elementor-section-height-default\" data-id=\"10749cc8\" data-element_type=\"section\">\n\t\t\t\t\t\t<div class=\"elementor-container elementor-column-gap-default\">\n\t\t\t\t\t<div class=\"elementor-column elementor-col-100 elementor-top-column elementor-element elementor-element-3391f45a\" data-id=\"3391f45a\" data-element_type=\"column\">\n\t\t\t<div class=\"elementor-widget-wrap elementor-element-populated\">\n\t\t\t\t\t\t\t\t<div class=\"elementor-element elementor-element-241e0352 elementor-widget elementor-widget-text-editor\" data-id=\"241e0352\" data-element_type=\"widget\" data-widget_type=\"text-editor.default\">\n\t\t\t\t<div class=\"elementor-widget-container\">\n\t\t\t<style>\/*! elementor - v3.6.7 - 03-07-2022 *\/\n.elementor-widget-text-editor.elementor-drop-cap-view-stacked .elementor-drop-cap{background-color:#818a91;color:#fff}.elementor-widget-text-editor.elementor-drop-cap-view-framed .elementor-drop-cap{color:#818a91;border:3px solid;background-color:transparent}.elementor-widget-text-editor:not(.elementor-drop-cap-view-default) .elementor-drop-cap{margin-top:8px}.elementor-widget-text-editor:not(.elementor-drop-cap-view-default) .elementor-drop-cap-letter{width:1em;height:1em}.elementor-widget-text-editor .elementor-drop-cap{float:left;text-align:center;line-height:1;font-size:50px}.elementor-widget-text-editor .elementor-drop-cap-letter{display:inline-block}<\/style>\t\t\t\t<p><img loading=\"lazy\" class=\"size-medium wp-image-67068 aligncenter\" src=\"https:\/\/www.maisonschwind.lu\/shop\/wp-content\/uploads\/2026\/04\/30-dryclean-trumble-300x256.jpg\" alt=\"\" width=\"300\" height=\"256\" srcset=\"https:\/\/www.maisonschwind.lu\/shop\/wp-content\/uploads\/2026\/04\/30-dryclean-trumble-300x256.jpg 300w, https:\/\/www.maisonschwind.lu\/shop\/wp-content\/uploads\/2026\/04\/30-dryclean-trumble.jpg 335w\" sizes=\"(max-width: 300px) 100vw, 300px\" \/><\/p><p><strong>Collection de tissus pour enfants \u2013 collaboration avec la designer Jennifer Bouron<\/strong><br \/>Nous sommes tr\u00e8s fiers de pr\u00e9senter une nouvelle collection de tissus durables pour enfants, d\u00e9velopp\u00e9e en collaboration avec la designer et illustratrice fran\u00e7aise Jennifer Bouron. Des imprim\u00e9s ludiques, des couleurs fra\u00eeches et des illustrations pleines de caract\u00e8re. Le style reconnaissable de Jennifer Bouron \u2013 joyeux, expressif et contemporain \u2013 prend pleinement vie dans ces tissus.<\/p><ul><li>Tissus durables pour enfants avec des imprim\u00e9s uniques<\/li><li>Tissus durables \u2013 certifi\u00e9s GOTS<\/li><li>Mix &amp; Match \u2013 imprim\u00e9s pour enfants\u00a0<\/li><\/ul>\t\t\t\t\t\t<\/div>\n\t\t\t\t<\/div>\n\t\t\t\t\t<\/div>\n\t\t<\/div>\n\t\t\t\t\t\t\t<\/div>\n\t\t<\/section>\n\t\t\t\t\t\t\t<\/div>\n\t\t","protected":false},"excerpt":{"rendered":"<p>95% coton 5% \u00e9lasthanne<\/p>\n<p>225gr<\/p>\n<p>Largeur : 145 cm<\/p>\n<p>Quantit\u00e9 1 = 10cm<\/p>\n","protected":false},"featured_media":67062,"comment_status":"closed","ping_status":"closed","template":"","meta":[],"product_cat":[1492,1562,1448],"product_tag":[],"aioseo_notices":[],"_links":{"self":[{"href":"https:\/\/www.maisonschwind.lu\/fr\/wp-json\/wp\/v2\/product\/67254"}],"collection":[{"href":"https:\/\/www.maisonschwind.lu\/fr\/wp-json\/wp\/v2\/product"}],"about":[{"href":"https:\/\/www.maisonschwind.lu\/fr\/wp-json\/wp\/v2\/types\/product"}],"replies":[{"embeddable":true,"href":"https:\/\/www.maisonschwind.lu\/fr\/wp-json\/wp\/v2\/comments?post=67254"}],"version-history":[{"count":2,"href":"https:\/\/www.maisonschwind.lu\/fr\/wp-json\/wp\/v2\/product\/67254\/revisions"}],"predecessor-version":[{"id":67261,"href":"https:\/\/www.maisonschwind.lu\/fr\/wp-json\/wp\/v2\/product\/67254\/revisions\/67261"}],"wp:featuredmedia":[{"embeddable":true,"href":"https:\/\/www.maisonschwind.lu\/fr\/wp-json\/wp\/v2\/media\/67062"}],"wp:attachment":[{"href":"https:\/\/www.maisonschwind.lu\/fr\/wp-json\/wp\/v2\/media?parent=67254"}],"wp:term":[{"taxonomy":"product_cat","embeddable":true,"href":"https:\/\/www.maisonschwind.lu\/fr\/wp-json\/wp\/v2\/product_cat?post=67254"},{"taxonomy":"product_tag","embeddable":true,"href":"https:\/\/www.maisonschwind.lu\/fr\/wp-json\/wp\/v2\/product_tag?post=67254"}],"curies":[{"name":"wp","href":"https:\/\/api.w.org\/{rel}","templated":true}]}}