{"id":67748,"date":"2026-04-17T09:30:06","date_gmt":"2026-04-17T07:30:06","guid":{"rendered":"https:\/\/www.maisonschwind.lu\/product\/table-de-rallonge-du-module-de-broderie-bernina-0301297103\/"},"modified":"2026-04-22T14:44:39","modified_gmt":"2026-04-22T12:44:39","slug":"table-de-rallonge-du-module-de-broderie-bernina-0301297103","status":"publish","type":"product","link":"https:\/\/www.maisonschwind.lu\/fr\/produit\/table-de-rallonge-du-module-de-broderie-bernina-0301297103\/","title":{"rendered":"Table de rallonge du module de broderie BERNINA 0301297103"},"content":{"rendered":"\t\t<div data-elementor-type=\"wp-post\" data-elementor-id=\"67748\" class=\"elementor elementor-67748 elementor-67643\">\n\t\t\t\t\t\t\t\t\t<section class=\"elementor-section elementor-top-section elementor-element elementor-element-10749cc8 elementor-section-boxed elementor-section-height-default elementor-section-height-default\" data-id=\"10749cc8\" data-element_type=\"section\">\n\t\t\t\t\t\t<div class=\"elementor-container elementor-column-gap-default\">\n\t\t\t\t\t<div class=\"elementor-column elementor-col-100 elementor-top-column elementor-element elementor-element-3391f45a\" data-id=\"3391f45a\" data-element_type=\"column\">\n\t\t\t<div class=\"elementor-widget-wrap elementor-element-populated\">\n\t\t\t\t\t\t\t\t<div class=\"elementor-element elementor-element-241e0352 elementor-widget elementor-widget-text-editor\" data-id=\"241e0352\" data-element_type=\"widget\" data-widget_type=\"text-editor.default\">\n\t\t\t\t<div class=\"elementor-widget-container\">\n\t\t\t<style>\/*! elementor - v3.6.7 - 03-07-2022 *\/\n.elementor-widget-text-editor.elementor-drop-cap-view-stacked .elementor-drop-cap{background-color:#818a91;color:#fff}.elementor-widget-text-editor.elementor-drop-cap-view-framed .elementor-drop-cap{color:#818a91;border:3px solid;background-color:transparent}.elementor-widget-text-editor:not(.elementor-drop-cap-view-default) .elementor-drop-cap{margin-top:8px}.elementor-widget-text-editor:not(.elementor-drop-cap-view-default) .elementor-drop-cap-letter{width:1em;height:1em}.elementor-widget-text-editor .elementor-drop-cap{float:left;text-align:center;line-height:1;font-size:50px}.elementor-widget-text-editor .elementor-drop-cap-letter{display:inline-block}<\/style>\t\t\t\t<p>Cela s&#8217;av\u00e8re particuli\u00e8rement bienvenu lorsque vos ouvrages de broderie sont de grande ampleur. Au-del\u00e0 de l&#8217;utilisation optimale de l&#8217;espace, la table rallonge pour le module de broderie garantit que le poids du tissu est harmonieusement r\u00e9parti.<br \/><br \/>La table rallonge stabilise le tissu et facilite son entra\u00eenement durant les diverses phases de couture. La r\u00e9gularit\u00e9 des points s&#8217;en trouve ainsi \u00e9galement am\u00e9lior\u00e9e. Avant de vous atteler au prochain ouvrage, vous pourrez nettoyer tr\u00e8s facilement la surface ainsi agrandie \u00e0 l&#8217;aide d&#8217;un chiffon.<\/p>\t\t\t\t\t\t<\/div>\n\t\t\t\t<\/div>\n\t\t\t\t\t<\/div>\n\t\t<\/div>\n\t\t\t\t\t\t\t<\/div>\n\t\t<\/section>\n\t\t\t\t\t\t\t<\/div>\n\t\t","protected":false},"excerpt":{"rendered":"<p>La table rallonge en plexiglas pour le module de broderie BERNINA optimise votre confort de couture lors des travaux de broderie. La table peut \u00eatre tr\u00e8s facilement install\u00e9e sur le module de broderie, agrandissant ainsi l&#8217;espace de travail.<\/p>\n<p>Dimension : 60 x 45cm<\/p>\n","protected":false},"featured_media":67638,"comment_status":"closed","ping_status":"closed","template":"","meta":[],"product_cat":[1492,1530,1397],"product_tag":[],"aioseo_notices":[],"_links":{"self":[{"href":"https:\/\/www.maisonschwind.lu\/fr\/wp-json\/wp\/v2\/product\/67748"}],"collection":[{"href":"https:\/\/www.maisonschwind.lu\/fr\/wp-json\/wp\/v2\/product"}],"about":[{"href":"https:\/\/www.maisonschwind.lu\/fr\/wp-json\/wp\/v2\/types\/product"}],"replies":[{"embeddable":true,"href":"https:\/\/www.maisonschwind.lu\/fr\/wp-json\/wp\/v2\/comments?post=67748"}],"version-history":[{"count":1,"href":"https:\/\/www.maisonschwind.lu\/fr\/wp-json\/wp\/v2\/product\/67748\/revisions"}],"predecessor-version":[{"id":67751,"href":"https:\/\/www.maisonschwind.lu\/fr\/wp-json\/wp\/v2\/product\/67748\/revisions\/67751"}],"wp:featuredmedia":[{"embeddable":true,"href":"https:\/\/www.maisonschwind.lu\/fr\/wp-json\/wp\/v2\/media\/67638"}],"wp:attachment":[{"href":"https:\/\/www.maisonschwind.lu\/fr\/wp-json\/wp\/v2\/media?parent=67748"}],"wp:term":[{"taxonomy":"product_cat","embeddable":true,"href":"https:\/\/www.maisonschwind.lu\/fr\/wp-json\/wp\/v2\/product_cat?post=67748"},{"taxonomy":"product_tag","embeddable":true,"href":"https:\/\/www.maisonschwind.lu\/fr\/wp-json\/wp\/v2\/product_tag?post=67748"}],"curies":[{"name":"wp","href":"https:\/\/api.w.org\/{rel}","templated":true}]}}