{"id":67942,"date":"2026-04-24T13:52:19","date_gmt":"2026-04-24T11:52:19","guid":{"rendered":"https:\/\/www.maisonschwind.lu\/?post_type=product&#038;p=67942"},"modified":"2026-04-24T13:55:41","modified_gmt":"2026-04-24T11:55:41","slug":"patron-sous-vetement-femme-belle-mum-pochette","status":"publish","type":"product","link":"https:\/\/www.maisonschwind.lu\/fr\/produkt\/patron-sous-vetement-femme-belle-mum-pochette\/","title":{"rendered":"Patron sous-v\u00eatement femme BELLE MUM pochette"},"content":{"rendered":"\t\t<div data-elementor-type=\"wp-post\" data-elementor-id=\"67942\" class=\"elementor elementor-67942\">\n\t\t\t\t\t\t\t\t\t<section class=\"elementor-section elementor-top-section elementor-element elementor-element-10749cc8 elementor-section-boxed elementor-section-height-default elementor-section-height-default\" data-id=\"10749cc8\" data-element_type=\"section\">\n\t\t\t\t\t\t<div class=\"elementor-container elementor-column-gap-default\">\n\t\t\t\t\t<div class=\"elementor-column elementor-col-100 elementor-top-column elementor-element elementor-element-3391f45a\" data-id=\"3391f45a\" data-element_type=\"column\">\n\t\t\t<div class=\"elementor-widget-wrap elementor-element-populated\">\n\t\t\t\t\t\t\t\t<div class=\"elementor-element elementor-element-241e0352 elementor-widget elementor-widget-text-editor\" data-id=\"241e0352\" data-element_type=\"widget\" data-widget_type=\"text-editor.default\">\n\t\t\t\t<div class=\"elementor-widget-container\">\n\t\t\t<style>\/*! elementor - v3.6.7 - 03-07-2022 *\/\n.elementor-widget-text-editor.elementor-drop-cap-view-stacked .elementor-drop-cap{background-color:#818a91;color:#fff}.elementor-widget-text-editor.elementor-drop-cap-view-framed .elementor-drop-cap{color:#818a91;border:3px solid;background-color:transparent}.elementor-widget-text-editor:not(.elementor-drop-cap-view-default) .elementor-drop-cap{margin-top:8px}.elementor-widget-text-editor:not(.elementor-drop-cap-view-default) .elementor-drop-cap-letter{width:1em;height:1em}.elementor-widget-text-editor .elementor-drop-cap{float:left;text-align:center;line-height:1;font-size:50px}.elementor-widget-text-editor .elementor-drop-cap-letter{display:inline-block}<\/style>\t\t\t\t<p>Belle mum est un patron de sous-v\u00eatement pour femme dans lequel on retrouve un d\u00e9bardeur \u00e0 fines bretelles, une culotte et un shorty disponible en taille haute ou basse. Diff\u00e9rentes finitions sont possibles : biais \u00e9lastique, bord-c\u00f4te ou \u00e9lastique \u00e0 picot.<br \/><strong>L\u2019ensemble de sous-v\u00eatement f\u00e9minin et confortable.<\/strong><\/p><p>Disponible du 34 au 46.<\/p>\t\t\t\t\t\t<\/div>\n\t\t\t\t<\/div>\n\t\t\t\t\t<\/div>\n\t\t<\/div>\n\t\t\t\t\t\t\t<\/div>\n\t\t<\/section>\n\t\t\t\t\t\t\t<\/div>\n\t\t","protected":false},"excerpt":{"rendered":"<p>Belle mum est un patron de sous-v\u00eatement pour femme dans lequel on retrouve un d\u00e9bardeur \u00e0 fines bretelles, une culotte et un shorty disponible en taille haute ou basse. Diff\u00e9rentes finitions sont possibles : biais \u00e9lastique, bord-c\u00f4te ou \u00e9lastique \u00e0 picot.L\u2019ensemble de sous-v\u00eatement f\u00e9minin et confortable. Disponible du 34 au 46.<\/p>\n","protected":false},"featured_media":67947,"comment_status":"closed","ping_status":"closed","template":"","meta":[],"product_cat":[1491,1555],"product_tag":[],"aioseo_notices":[],"_links":{"self":[{"href":"https:\/\/www.maisonschwind.lu\/fr\/wp-json\/wp\/v2\/product\/67942"}],"collection":[{"href":"https:\/\/www.maisonschwind.lu\/fr\/wp-json\/wp\/v2\/product"}],"about":[{"href":"https:\/\/www.maisonschwind.lu\/fr\/wp-json\/wp\/v2\/types\/product"}],"replies":[{"embeddable":true,"href":"https:\/\/www.maisonschwind.lu\/fr\/wp-json\/wp\/v2\/comments?post=67942"}],"version-history":[{"count":4,"href":"https:\/\/www.maisonschwind.lu\/fr\/wp-json\/wp\/v2\/product\/67942\/revisions"}],"predecessor-version":[{"id":67958,"href":"https:\/\/www.maisonschwind.lu\/fr\/wp-json\/wp\/v2\/product\/67942\/revisions\/67958"}],"wp:featuredmedia":[{"embeddable":true,"href":"https:\/\/www.maisonschwind.lu\/fr\/wp-json\/wp\/v2\/media\/67947"}],"wp:attachment":[{"href":"https:\/\/www.maisonschwind.lu\/fr\/wp-json\/wp\/v2\/media?parent=67942"}],"wp:term":[{"taxonomy":"product_cat","embeddable":true,"href":"https:\/\/www.maisonschwind.lu\/fr\/wp-json\/wp\/v2\/product_cat?post=67942"},{"taxonomy":"product_tag","embeddable":true,"href":"https:\/\/www.maisonschwind.lu\/fr\/wp-json\/wp\/v2\/product_tag?post=67942"}],"curies":[{"name":"wp","href":"https:\/\/api.w.org\/{rel}","templated":true}]}}