{"id":67959,"date":"2026-04-24T13:57:41","date_gmt":"2026-04-24T11:57:41","guid":{"rendered":"https:\/\/www.maisonschwind.lu\/?post_type=product&#038;p=67959"},"modified":"2026-04-24T14:04:52","modified_gmt":"2026-04-24T12:04:52","slug":"patron-accessoires-bebe-bain-et-change-sofia-pochette","status":"publish","type":"product","link":"https:\/\/www.maisonschwind.lu\/fr\/produkt\/patron-accessoires-bebe-bain-et-change-sofia-pochette\/","title":{"rendered":"Patron accessoires b\u00e9b\u00e9 bain et change SOFIA pochette"},"content":{"rendered":"\t\t<div data-elementor-type=\"wp-post\" data-elementor-id=\"67959\" class=\"elementor elementor-67959\">\n\t\t\t\t\t\t\t\t\t<section class=\"elementor-section elementor-top-section elementor-element elementor-element-10749cc8 elementor-section-boxed elementor-section-height-default elementor-section-height-default\" data-id=\"10749cc8\" data-element_type=\"section\">\n\t\t\t\t\t\t<div class=\"elementor-container elementor-column-gap-default\">\n\t\t\t\t\t<div class=\"elementor-column elementor-col-100 elementor-top-column elementor-element elementor-element-3391f45a\" data-id=\"3391f45a\" data-element_type=\"column\">\n\t\t\t<div class=\"elementor-widget-wrap elementor-element-populated\">\n\t\t\t\t\t\t\t\t<div class=\"elementor-element elementor-element-241e0352 elementor-widget elementor-widget-text-editor\" data-id=\"241e0352\" data-element_type=\"widget\" data-widget_type=\"text-editor.default\">\n\t\t\t\t<div class=\"elementor-widget-container\">\n\t\t\t<style>\/*! elementor - v3.6.7 - 03-07-2022 *\/\n.elementor-widget-text-editor.elementor-drop-cap-view-stacked .elementor-drop-cap{background-color:#818a91;color:#fff}.elementor-widget-text-editor.elementor-drop-cap-view-framed .elementor-drop-cap{color:#818a91;border:3px solid;background-color:transparent}.elementor-widget-text-editor:not(.elementor-drop-cap-view-default) .elementor-drop-cap{margin-top:8px}.elementor-widget-text-editor:not(.elementor-drop-cap-view-default) .elementor-drop-cap-letter{width:1em;height:1em}.elementor-widget-text-editor .elementor-drop-cap{float:left;text-align:center;line-height:1;font-size:50px}.elementor-widget-text-editor .elementor-drop-cap-letter{display:inline-block}<\/style>\t\t\t\t<p>Sofia est un ensemble de 4 patrons pens\u00e9s autour de l&#8217;univers du bain et du change de b\u00e9b\u00e9 : un tapis \u00e0 langer nomade, une cape de bain, un gant de toilette et un organisateur. Des options oreilles sont propos\u00e9es pour la cape de bain et le gant de toilette. L&#8217;organisateur transportable comporte des s\u00e9parateurs amovibles pour y ranger des couches, produits d&#8217;hygi\u00e8ne, v\u00eatements, jouets&#8230; Le tapis \u00e0 langer comporte des poches et une serviette d\u00e9tachable pour un lavage facile. Les finitions sont soign\u00e9es (coutures anglaises et gans\u00e9es) pour un r\u00e9sultat raffin\u00e9.<\/p><p><strong>Des patrons pratiques et bien pens\u00e9s pour vous accompagner dans le quotidien avec b\u00e9b\u00e9.<\/strong><\/p>\t\t\t\t\t\t<\/div>\n\t\t\t\t<\/div>\n\t\t\t\t\t<\/div>\n\t\t<\/div>\n\t\t\t\t\t\t\t<\/div>\n\t\t<\/section>\n\t\t\t\t\t\t\t<\/div>\n\t\t","protected":false},"excerpt":{"rendered":"<p>Sofia est un ensemble de 4 patrons pens\u00e9s autour de l&#8217;univers du bain et du change de b\u00e9b\u00e9 : un tapis \u00e0 langer nomade, une cape de bain, un gant de toilette et un organisateur. Des options oreilles sont propos\u00e9es pour la cape de bain et le gant de toilette. L&#8217;organisateur transportable comporte des s\u00e9parateurs &hellip; <br \/><a href=\"https:\/\/www.maisonschwind.lu\/fr\/produkt\/patron-accessoires-bebe-bain-et-change-sofia-pochette\/\" class=\"more-link\">Continue reading <span class=\"screen-reader-text\">Patron accessoires b\u00e9b\u00e9 bain et change SOFIA pochette<\/span><\/a><\/p>\n","protected":false},"featured_media":67960,"comment_status":"closed","ping_status":"closed","template":"","meta":[],"product_cat":[1491,1555],"product_tag":[],"aioseo_notices":[],"_links":{"self":[{"href":"https:\/\/www.maisonschwind.lu\/fr\/wp-json\/wp\/v2\/product\/67959"}],"collection":[{"href":"https:\/\/www.maisonschwind.lu\/fr\/wp-json\/wp\/v2\/product"}],"about":[{"href":"https:\/\/www.maisonschwind.lu\/fr\/wp-json\/wp\/v2\/types\/product"}],"replies":[{"embeddable":true,"href":"https:\/\/www.maisonschwind.lu\/fr\/wp-json\/wp\/v2\/comments?post=67959"}],"version-history":[{"count":4,"href":"https:\/\/www.maisonschwind.lu\/fr\/wp-json\/wp\/v2\/product\/67959\/revisions"}],"predecessor-version":[{"id":67979,"href":"https:\/\/www.maisonschwind.lu\/fr\/wp-json\/wp\/v2\/product\/67959\/revisions\/67979"}],"wp:featuredmedia":[{"embeddable":true,"href":"https:\/\/www.maisonschwind.lu\/fr\/wp-json\/wp\/v2\/media\/67960"}],"wp:attachment":[{"href":"https:\/\/www.maisonschwind.lu\/fr\/wp-json\/wp\/v2\/media?parent=67959"}],"wp:term":[{"taxonomy":"product_cat","embeddable":true,"href":"https:\/\/www.maisonschwind.lu\/fr\/wp-json\/wp\/v2\/product_cat?post=67959"},{"taxonomy":"product_tag","embeddable":true,"href":"https:\/\/www.maisonschwind.lu\/fr\/wp-json\/wp\/v2\/product_tag?post=67959"}],"curies":[{"name":"wp","href":"https:\/\/api.w.org\/{rel}","templated":true}]}}