{"id":67980,"date":"2026-04-24T14:06:52","date_gmt":"2026-04-24T12:06:52","guid":{"rendered":"https:\/\/www.maisonschwind.lu\/?post_type=product&#038;p=67980"},"modified":"2026-04-24T14:10:12","modified_gmt":"2026-04-24T12:10:12","slug":"patron-vanity-bristol-pochette","status":"publish","type":"product","link":"https:\/\/www.maisonschwind.lu\/fr\/produkt\/patron-vanity-bristol-pochette\/","title":{"rendered":"Patron Vanity BRISTOL pochette"},"content":{"rendered":"\t\t<div data-elementor-type=\"wp-post\" data-elementor-id=\"67980\" class=\"elementor elementor-67980\">\n\t\t\t\t\t\t\t\t\t<section class=\"elementor-section elementor-top-section elementor-element elementor-element-10749cc8 elementor-section-boxed elementor-section-height-default elementor-section-height-default\" data-id=\"10749cc8\" data-element_type=\"section\">\n\t\t\t\t\t\t<div class=\"elementor-container elementor-column-gap-default\">\n\t\t\t\t\t<div class=\"elementor-column elementor-col-100 elementor-top-column elementor-element elementor-element-3391f45a\" data-id=\"3391f45a\" data-element_type=\"column\">\n\t\t\t<div class=\"elementor-widget-wrap elementor-element-populated\">\n\t\t\t\t\t\t\t\t<div class=\"elementor-element elementor-element-241e0352 elementor-widget elementor-widget-text-editor\" data-id=\"241e0352\" data-element_type=\"widget\" data-widget_type=\"text-editor.default\">\n\t\t\t\t<div class=\"elementor-widget-container\">\n\t\t\t<style>\/*! elementor - v3.6.7 - 03-07-2022 *\/\n.elementor-widget-text-editor.elementor-drop-cap-view-stacked .elementor-drop-cap{background-color:#818a91;color:#fff}.elementor-widget-text-editor.elementor-drop-cap-view-framed .elementor-drop-cap{color:#818a91;border:3px solid;background-color:transparent}.elementor-widget-text-editor:not(.elementor-drop-cap-view-default) .elementor-drop-cap{margin-top:8px}.elementor-widget-text-editor:not(.elementor-drop-cap-view-default) .elementor-drop-cap-letter{width:1em;height:1em}.elementor-widget-text-editor .elementor-drop-cap{float:left;text-align:center;line-height:1;font-size:50px}.elementor-widget-text-editor .elementor-drop-cap-letter{display:inline-block}<\/style>\t\t\t\t<p>Bristol est un patron de couture de Vanity aussi charmant que fonctionnel, pens\u00e9 pour s\u2019adapter \u00e0 tous les usages du quotidien. D\u00e9clin\u00e9 en trousse ou en petit sac \u00e0 main, il se coud dans deux formats pour chaque version. Les trousses peuvent m\u00eame se transformer en lunch box ou en glaci\u00e8re gr\u00e2ce \u00e0 l\u2019ajout d\u2019une doublure thermique adapt\u00e9e. Son rabat zipp\u00e9 \u00e0 double curseur, sa doublure int\u00e9grale mont\u00e9e sans biais et sa petite poche int\u00e9rieure en font un mod\u00e8le pratique et esth\u00e9tique. C\u00f4t\u00e9 style, Bristol propose deux types de poign\u00e9es \u2014 basiques ou avec boucles \u2014 ainsi qu\u2019une bandouli\u00e8re optionnelle de 50 ou 55 cm pour un porter \u00e9paule ou transversal. Les finitions sont particuli\u00e8rement soign\u00e9es, avec des coutures enti\u00e8rement enferm\u00e9es entre les \u00e9paisseurs. Un mod\u00e8le indispensable, \u00e0 coudre aussi bien pour toute la famille que comme petit sac \u00e0 main tr\u00e8s f\u00e9minin.<\/p><p><strong>Un seul patron, mille usages : trousse du quotidien, vanity bien pens\u00e9 ou petit sac \u00e0 main \u00e9l\u00e9gant.<\/strong><\/p>\t\t\t\t\t\t<\/div>\n\t\t\t\t<\/div>\n\t\t\t\t\t<\/div>\n\t\t<\/div>\n\t\t\t\t\t\t\t<\/div>\n\t\t<\/section>\n\t\t\t\t\t\t\t<\/div>\n\t\t","protected":false},"excerpt":{"rendered":"<p>Bristol est un patron de couture de Vanity aussi charmant que fonctionnel, pens\u00e9 pour s\u2019adapter \u00e0 tous les usages du quotidien. D\u00e9clin\u00e9 en trousse ou en petit sac \u00e0 main, il se coud dans deux formats pour chaque version. Les trousses peuvent m\u00eame se transformer en lunch box ou en glaci\u00e8re gr\u00e2ce \u00e0 l\u2019ajout d\u2019une &hellip; <br \/><a href=\"https:\/\/www.maisonschwind.lu\/fr\/produkt\/patron-vanity-bristol-pochette\/\" class=\"more-link\">Continue reading <span class=\"screen-reader-text\">Patron Vanity BRISTOL pochette<\/span><\/a><\/p>\n","protected":false},"featured_media":67983,"comment_status":"closed","ping_status":"closed","template":"","meta":[],"product_cat":[1491,1555],"product_tag":[],"aioseo_notices":[],"_links":{"self":[{"href":"https:\/\/www.maisonschwind.lu\/fr\/wp-json\/wp\/v2\/product\/67980"}],"collection":[{"href":"https:\/\/www.maisonschwind.lu\/fr\/wp-json\/wp\/v2\/product"}],"about":[{"href":"https:\/\/www.maisonschwind.lu\/fr\/wp-json\/wp\/v2\/types\/product"}],"replies":[{"embeddable":true,"href":"https:\/\/www.maisonschwind.lu\/fr\/wp-json\/wp\/v2\/comments?post=67980"}],"version-history":[{"count":4,"href":"https:\/\/www.maisonschwind.lu\/fr\/wp-json\/wp\/v2\/product\/67980\/revisions"}],"predecessor-version":[{"id":68000,"href":"https:\/\/www.maisonschwind.lu\/fr\/wp-json\/wp\/v2\/product\/67980\/revisions\/68000"}],"wp:featuredmedia":[{"embeddable":true,"href":"https:\/\/www.maisonschwind.lu\/fr\/wp-json\/wp\/v2\/media\/67983"}],"wp:attachment":[{"href":"https:\/\/www.maisonschwind.lu\/fr\/wp-json\/wp\/v2\/media?parent=67980"}],"wp:term":[{"taxonomy":"product_cat","embeddable":true,"href":"https:\/\/www.maisonschwind.lu\/fr\/wp-json\/wp\/v2\/product_cat?post=67980"},{"taxonomy":"product_tag","embeddable":true,"href":"https:\/\/www.maisonschwind.lu\/fr\/wp-json\/wp\/v2\/product_tag?post=67980"}],"curies":[{"name":"wp","href":"https:\/\/api.w.org\/{rel}","templated":true}]}}