{"id":68057,"date":"2026-04-24T11:50:19","date_gmt":"2026-04-24T09:50:19","guid":{"rendered":"https:\/\/www.maisonschwind.lu\/product\/patron-pyjama-enfant-budapest-kids-pochette\/"},"modified":"2026-04-29T15:25:49","modified_gmt":"2026-04-29T13:25:49","slug":"patron-pyjama-enfant-budapest-kids-pochette","status":"publish","type":"product","link":"https:\/\/www.maisonschwind.lu\/fr\/produit\/patron-pyjama-enfant-budapest-kids-pochette\/","title":{"rendered":"Patron pyjama enfant BUDAPEST KIDS pochette"},"content":{"rendered":"\t\t<div data-elementor-type=\"wp-post\" data-elementor-id=\"68057\" class=\"elementor elementor-68057 elementor-67863\">\n\t\t\t\t\t\t\t\t\t<section class=\"elementor-section elementor-top-section elementor-element elementor-element-10749cc8 elementor-section-boxed elementor-section-height-default elementor-section-height-default\" data-id=\"10749cc8\" data-element_type=\"section\">\n\t\t\t\t\t\t<div class=\"elementor-container elementor-column-gap-default\">\n\t\t\t\t\t<div class=\"elementor-column elementor-col-100 elementor-top-column elementor-element elementor-element-3391f45a\" data-id=\"3391f45a\" data-element_type=\"column\">\n\t\t\t<div class=\"elementor-widget-wrap elementor-element-populated\">\n\t\t\t\t\t\t\t\t<div class=\"elementor-element elementor-element-241e0352 elementor-widget elementor-widget-text-editor\" data-id=\"241e0352\" data-element_type=\"widget\" data-widget_type=\"text-editor.default\">\n\t\t\t\t<div class=\"elementor-widget-container\">\n\t\t\t<style>\/*! elementor - v3.6.7 - 03-07-2022 *\/\n.elementor-widget-text-editor.elementor-drop-cap-view-stacked .elementor-drop-cap{background-color:#818a91;color:#fff}.elementor-widget-text-editor.elementor-drop-cap-view-framed .elementor-drop-cap{color:#818a91;border:3px solid;background-color:transparent}.elementor-widget-text-editor:not(.elementor-drop-cap-view-default) .elementor-drop-cap{margin-top:8px}.elementor-widget-text-editor:not(.elementor-drop-cap-view-default) .elementor-drop-cap-letter{width:1em;height:1em}.elementor-widget-text-editor .elementor-drop-cap{float:left;text-align:center;line-height:1;font-size:50px}.elementor-widget-text-editor .elementor-drop-cap-letter{display:inline-block}<\/style>\t\t\t\t<p>Budapest kids est un patron de pyjama pour enfant, compos\u00e9 d\u2019un haut \u00e0 col tailleur, et d\u2019un bas droit \u00e0 taille \u00e9lastiqu\u00e9e avec des poches c\u00f4t\u00e9. Le haut se d\u00e9cline en version manches longues avec bracelets aux poignets ou en version manches courtes. Le bas propose une option pantalon avec bracelets aux chevilles et une option short. L\u2019ensemble peut \u00eatre enti\u00e8rement agr\u00e9ment\u00e9 d&#8217;une finition passepoil.<br \/><strong>Le pyjama classique \u00e0 d\u00e9cliner en toutes saisons.<\/strong><\/p><p>Disponible du 3 au 12 ans.\u00a0<\/p>\t\t\t\t\t\t<\/div>\n\t\t\t\t<\/div>\n\t\t\t\t\t<\/div>\n\t\t<\/div>\n\t\t\t\t\t\t\t<\/div>\n\t\t<\/section>\n\t\t\t\t\t\t\t<\/div>\n\t\t","protected":false},"excerpt":{"rendered":"<p>Budapest kids est un patron de pyjama pour enfant, compos\u00e9 d\u2019un haut \u00e0 col tailleur, et d\u2019un bas droit \u00e0 taille \u00e9lastiqu\u00e9e avec des poches c\u00f4t\u00e9. Le haut se d\u00e9cline en version manches longues avec bracelets aux poignets ou en version manches courtes. Le bas propose une option pantalon avec bracelets aux chevilles et une &hellip; <br \/><a href=\"https:\/\/www.maisonschwind.lu\/fr\/produit\/patron-pyjama-enfant-budapest-kids-pochette\/\" class=\"more-link\">Continue reading <span class=\"screen-reader-text\">Patron pyjama enfant BUDAPEST KIDS pochette<\/span><\/a><\/p>\n","protected":false},"featured_media":67869,"comment_status":"closed","ping_status":"closed","template":"","meta":[],"product_cat":[1492,1556],"product_tag":[],"aioseo_notices":[],"_links":{"self":[{"href":"https:\/\/www.maisonschwind.lu\/fr\/wp-json\/wp\/v2\/product\/68057"}],"collection":[{"href":"https:\/\/www.maisonschwind.lu\/fr\/wp-json\/wp\/v2\/product"}],"about":[{"href":"https:\/\/www.maisonschwind.lu\/fr\/wp-json\/wp\/v2\/types\/product"}],"replies":[{"embeddable":true,"href":"https:\/\/www.maisonschwind.lu\/fr\/wp-json\/wp\/v2\/comments?post=68057"}],"version-history":[{"count":2,"href":"https:\/\/www.maisonschwind.lu\/fr\/wp-json\/wp\/v2\/product\/68057\/revisions"}],"predecessor-version":[{"id":68064,"href":"https:\/\/www.maisonschwind.lu\/fr\/wp-json\/wp\/v2\/product\/68057\/revisions\/68064"}],"wp:featuredmedia":[{"embeddable":true,"href":"https:\/\/www.maisonschwind.lu\/fr\/wp-json\/wp\/v2\/media\/67869"}],"wp:attachment":[{"href":"https:\/\/www.maisonschwind.lu\/fr\/wp-json\/wp\/v2\/media?parent=68057"}],"wp:term":[{"taxonomy":"product_cat","embeddable":true,"href":"https:\/\/www.maisonschwind.lu\/fr\/wp-json\/wp\/v2\/product_cat?post=68057"},{"taxonomy":"product_tag","embeddable":true,"href":"https:\/\/www.maisonschwind.lu\/fr\/wp-json\/wp\/v2\/product_tag?post=68057"}],"curies":[{"name":"wp","href":"https:\/\/api.w.org\/{rel}","templated":true}]}}