{"id":68079,"date":"2026-04-24T12:06:48","date_gmt":"2026-04-24T10:06:48","guid":{"rendered":"https:\/\/www.maisonschwind.lu\/product\/patron-salopette-femme-lyon-pochette\/"},"modified":"2026-04-29T15:33:03","modified_gmt":"2026-04-29T13:33:03","slug":"patron-salopette-femme-lyon-pochette","status":"publish","type":"product","link":"https:\/\/www.maisonschwind.lu\/fr\/produit\/patron-salopette-femme-lyon-pochette\/","title":{"rendered":"Patron salopette femme LYON pochette"},"content":{"rendered":"\t\t<div data-elementor-type=\"wp-post\" data-elementor-id=\"68079\" class=\"elementor elementor-68079 elementor-67902\">\n\t\t\t\t\t\t\t\t\t<section class=\"elementor-section elementor-top-section elementor-element elementor-element-10749cc8 elementor-section-boxed elementor-section-height-default elementor-section-height-default\" data-id=\"10749cc8\" data-element_type=\"section\">\n\t\t\t\t\t\t<div class=\"elementor-container elementor-column-gap-default\">\n\t\t\t\t\t<div class=\"elementor-column elementor-col-100 elementor-top-column elementor-element elementor-element-3391f45a\" data-id=\"3391f45a\" data-element_type=\"column\">\n\t\t\t<div class=\"elementor-widget-wrap elementor-element-populated\">\n\t\t\t\t\t\t\t\t<div class=\"elementor-element elementor-element-241e0352 elementor-widget elementor-widget-text-editor\" data-id=\"241e0352\" data-element_type=\"widget\" data-widget_type=\"text-editor.default\">\n\t\t\t\t<div class=\"elementor-widget-container\">\n\t\t\t<style>\/*! elementor - v3.6.7 - 03-07-2022 *\/\n.elementor-widget-text-editor.elementor-drop-cap-view-stacked .elementor-drop-cap{background-color:#818a91;color:#fff}.elementor-widget-text-editor.elementor-drop-cap-view-framed .elementor-drop-cap{color:#818a91;border:3px solid;background-color:transparent}.elementor-widget-text-editor:not(.elementor-drop-cap-view-default) .elementor-drop-cap{margin-top:8px}.elementor-widget-text-editor:not(.elementor-drop-cap-view-default) .elementor-drop-cap-letter{width:1em;height:1em}.elementor-widget-text-editor .elementor-drop-cap{float:left;text-align:center;line-height:1;font-size:50px}.elementor-widget-text-editor .elementor-drop-cap-letter{display:inline-block}<\/style>\t\t\t\t<p>Lyon est un patron de salopette pour femme disposant d\u2019une coupe droite mais l\u00e9g\u00e8rement ample pour un confort garanti. Trois longueurs diff\u00e9rentes sont propos\u00e9es : pantalon, bermuda ou short. Le mod\u00e8le offre deux versions de bretelles : r\u00e9glables par boucles et boutons ou par boutons multi-positions. Le patron dispose d\u2019ouvertures sur le c\u00f4t\u00e9, d\u2019une fausse braguette et s\u2018accompagne d\u2019une multitude de poches (poche devant, poche bavette, poche dos et poche marteau optionnelle).<br \/><strong>Un mod\u00e8le intemporel et confortable<\/strong><\/p><p>Disponible du 32 au 52.\u00a0<\/p>\t\t\t\t\t\t<\/div>\n\t\t\t\t<\/div>\n\t\t\t\t\t<\/div>\n\t\t<\/div>\n\t\t\t\t\t\t\t<\/div>\n\t\t<\/section>\n\t\t\t\t\t\t\t<\/div>\n\t\t","protected":false},"excerpt":{"rendered":"<p>Lyon est un patron de salopette pour femme disposant d\u2019une coupe droite mais l\u00e9g\u00e8rement ample pour un confort garanti. Trois longueurs diff\u00e9rentes sont propos\u00e9es : pantalon, bermuda ou short. Le mod\u00e8le offre deux versions de bretelles : r\u00e9glables par boucles et boutons ou par boutons multi-positions. Le patron dispose d\u2019ouvertures sur le c\u00f4t\u00e9, d\u2019une fausse &hellip; <br \/><a href=\"https:\/\/www.maisonschwind.lu\/fr\/produit\/patron-salopette-femme-lyon-pochette\/\" class=\"more-link\">Continue reading <span class=\"screen-reader-text\">Patron salopette femme LYON pochette<\/span><\/a><\/p>\n","protected":false},"featured_media":67904,"comment_status":"closed","ping_status":"closed","template":"","meta":[],"product_cat":[1492,1556],"product_tag":[],"aioseo_notices":[],"_links":{"self":[{"href":"https:\/\/www.maisonschwind.lu\/fr\/wp-json\/wp\/v2\/product\/68079"}],"collection":[{"href":"https:\/\/www.maisonschwind.lu\/fr\/wp-json\/wp\/v2\/product"}],"about":[{"href":"https:\/\/www.maisonschwind.lu\/fr\/wp-json\/wp\/v2\/types\/product"}],"replies":[{"embeddable":true,"href":"https:\/\/www.maisonschwind.lu\/fr\/wp-json\/wp\/v2\/comments?post=68079"}],"version-history":[{"count":2,"href":"https:\/\/www.maisonschwind.lu\/fr\/wp-json\/wp\/v2\/product\/68079\/revisions"}],"predecessor-version":[{"id":68086,"href":"https:\/\/www.maisonschwind.lu\/fr\/wp-json\/wp\/v2\/product\/68079\/revisions\/68086"}],"wp:featuredmedia":[{"embeddable":true,"href":"https:\/\/www.maisonschwind.lu\/fr\/wp-json\/wp\/v2\/media\/67904"}],"wp:attachment":[{"href":"https:\/\/www.maisonschwind.lu\/fr\/wp-json\/wp\/v2\/media?parent=68079"}],"wp:term":[{"taxonomy":"product_cat","embeddable":true,"href":"https:\/\/www.maisonschwind.lu\/fr\/wp-json\/wp\/v2\/product_cat?post=68079"},{"taxonomy":"product_tag","embeddable":true,"href":"https:\/\/www.maisonschwind.lu\/fr\/wp-json\/wp\/v2\/product_tag?post=68079"}],"curies":[{"name":"wp","href":"https:\/\/api.w.org\/{rel}","templated":true}]}}